{"id":9846,"date":"2016-11-22T21:38:17","date_gmt":"2016-11-23T02:38:17","guid":{"rendered":"http:\/\/sneaky-growler.flywheelsites.com\/boston-premises-liability-lawyer\/"},"modified":"2022-03-16T22:24:32","modified_gmt":"2022-03-17T02:24:32","slug":"boston-premises-liability-lawyer","status":"publish","type":"page","link":"https:\/\/www.joelhschwartz.com\/es\/boston-premises-liability-lawyer\/","title":{"rendered":"Responsabilidad civil"},"content":{"rendered":"<h1>Abogado de responsabilidad civil en Boston<\/h1>\n<blockquote><p><em>No debe lesionarse solo porque haya visitado la propiedad de otra persona. Trabaje con un abogado de responsabilidad civil en Boston y obtenga la compensaci\u00f3n que requiere su recuperaci\u00f3n.<\/em><\/p><\/blockquote>\n<p>Tropezar frente a una empresa se ha convertido en un remate a tiempo parcial debido a su asociaci\u00f3n con los estafadores de fraudes de seguros. La realidad es que muchos accidentes por resbalones y ca\u00eddas ocurren cuando un cliente se lastima en una empresa que no ha mantenido la tienda adecuadamente, por as\u00ed decirlo.<\/p>\n<p>Tambi\u00e9n se aplica a hogares privados \u2013 incluso a los de su vecino o mejor amigo. Para preservar la armon\u00eda y mantener a todos a salvo, se han promulgado una multitud de leyes para advertir a los propietarios de viviendas por dejar la acera sin pavimentar o la piscina sin cerrar, porque su falta de atenci\u00f3n puede causar lesiones graves e incluso la muerte a v\u00edctimas inocentes.<\/p>\n<p>Si ha resultado lesionado mientras se encontraba en la propiedad de otra persona, un abogado de responsabilidad civil en Boston de Joel H. Schwartz, PC puede ayudarlo a buscar una compensaci\u00f3n por haber resultado lesionado por una administraci\u00f3n negligente de la propiedad.<\/p>\n<h2><strong>Los accidentes con responsabilidad civil pueden ocurrir en cualquier parte<\/strong><\/h2>\n<p>Estas leyes y ordenanzas se actualizan constantemente, y una <a href=\"https:\/\/blog.mass.gov\/masslawlib\/new-cases\/mode-of-operation-approach-in-premises-liablity\/\">registrada en 2015<\/a> cita un caso en el que alguien tropez\u00f3 con una piedra en un \u00e1rea de autoservicio de un restaurante. Establece c\u00f3mo el propietario pudo haber previsto que cuando hay un autoservicio, los art\u00edculos pueden desplazarse y representar un peligro para otras personas.<\/p>\n<p>Como puede ver, la ley de responsabilidad civil cubre muchos de los escenarios que pueden suceder bajo una amplia variedad de circunstancias. Si ha resultado lesionado en la casa o en la empresa de otra persona, es posible que tenga derecho a una compensaci\u00f3n econ\u00f3mica por sus lesiones y otros da\u00f1os. Se recomienda consultar a un abogado de instalaciones en Boston en estos momentos.<\/p>\n<h2><strong>Tipos de casos de responsabilidad civil<\/strong><\/h2>\n<p>Su abogado de responsabilidad civil en Boston puede ayudarlo a presentar una <a href=\"https:\/\/joelhschwartz.com\/boston-personal-injury-lawyer\/\">demanda por lesiones personales<\/a> por cualquier da\u00f1o que haya experimentado como resultado de la negligencia del propietario:<\/p>\n<ul>\n<li><a href=\"https:\/\/joelhschwartz.com\/boston-slip-and-fall-lawyer\/\">Resbal\u00f3n y ca\u00edda<\/a> \u2013 Estos casos no solo provocan <a href=\"https:\/\/joelhschwartz.com\/boston-broken-bone-lawyer\/\">fracturas de huesos<\/a>, sino que a veces tambi\u00e9n se producen da\u00f1os en la <a href=\"https:\/\/joelhschwartz.com\/boston-spine-injury-lawyer\/\">columna<\/a> y el <a href=\"https:\/\/joelhschwartz.com\/boston-traumatic-brain-injury-lawyer\/\">cerebro<\/a>. La ley de Massachusetts detalla <a href=\"https:\/\/www.mass.gov\/courts\/case-legal-res\/law-lib\/laws-by-subj\/about\/snow.html\">muchas condiciones<\/a> que los propietarios deben cumplir para mantener sus terrenos seguros para los visitantes.<\/li>\n<li>Envenenamiento por plomo \u2013 La presencia de plomo est\u00e1 altamente regulada por el gobierno y los propietarios con propiedades con cierta antig\u00fcedad son responsables de la exposici\u00f3n de sus inquilinos.<\/li>\n<li>Moho \u2013 El moho t\u00f3xico puede provocar una serie de dolencias relacionadas con alergias y problemas respiratorios. El moho es cada vez m\u00e1s culpable de m\u00e1s y m\u00e1s enfermedades como el c\u00e1ncer y las enfermedades hep\u00e1ticas.<\/li>\n<li><a href=\"https:\/\/joelhschwartz.com\/boston-dog-bite-lawyer\/\">Ataques de animales<\/a> \u2013 Esto incluye a los perros y otros animales. Todos los animales peligrosos deben estar sujetos de forma segura y fuera del alcance de los visitantes. El hecho de que el propietario sea responsable de una lesi\u00f3n causada por una mordedura de perro depender\u00e1 de una serie de circunstancias que su abogado de responsabilidad civil en Boston puede ayudarlo a resolver.<\/li>\n<li>Instalaciones mal mantenidas \u2013 Los agujeros en el suelo, la falta de inspecciones y cualquier condici\u00f3n insegura pueden ser la causa principal de una lesi\u00f3n en un caso de responsabilidad civil.<\/li>\n<li>Ahogamiento \u2013 Las piscinas deben protegerse con vallas de cierta altura para evitar accidentes y lesiones relacionados con el agua.<\/li>\n<\/ul>\n<h2><strong>Responsabilidad del propietario<\/strong><\/h2>\n<p>Independientemente de que sea propietario de una casa privada o dirija un restaurante, la parte responsable debe ejercer el \u00abdeber de cuidado\u00bb. El propietario del local debe atender lo siguiente:<\/p>\n<ul>\n<li>Mostrar el cuidado apropiado en el manejo de condiciones inseguras que podr\u00edan atraer a los ni\u00f1os<\/li>\n<li>No crear condiciones inseguras<\/li>\n<li>Matener su propiedad apropiadamente<\/li>\n<li>Informar a los visitantes de cualquier peligro o condici\u00f3n insegura<\/li>\n<\/ul>\n<h2><strong>Compensaci\u00f3n por su accidente con responsabilidad civil<\/strong><\/h2>\n<p>Cuando el due\u00f1o de una propiedad no mantiene su propiedad de acuerdo con los est\u00e1ndares de seguridad, se convierte en responsable de cualquier lesi\u00f3n o da\u00f1o que resulte de ello. Esto significa que, con la ayuda de un abogado de responsabilidad civil en Boston, puede recibir una compensaci\u00f3n por todas sus p\u00e9rdidas financieras y da\u00f1os no econ\u00f3micos relacionados con el accidente.<\/p>\n<p>En primer lugar, deber\u00e1 evaluar sus facturas m\u00e9dicas actuales y la necesidad de atenci\u00f3n m\u00e9dica futura con la ayuda de su m\u00e9dico. Tambi\u00e9n deber\u00e1n incluirse todos los gastos de viaje que haya requerido su tratamiento y el tiempo perdido en el trabajo, adem\u00e1s de cualquier otra factura y da\u00f1os a la propiedad que haya acumulado.<\/p>\n<p>Sus da\u00f1os no econ\u00f3micos tambi\u00e9n deben tenerse en cuenta. El dolor y el sufrimiento, la p\u00e9rdida de compa\u00f1\u00eda y cualquier otra forma en que su lesi\u00f3n haya disminuido su calidad de vida deber\u00edan resultar en una recompensa financiera mayor.<\/p>\n<h2><strong>Representaci\u00f3n de un abogado cualificado en responsabilidad civil en Boston<\/strong><\/h2>\n<p>No juegue con su futuro. El impacto de su accidente puede afectarlo durante el resto de su vida. No querr\u00e1 mirar atr\u00e1s y preguntarse si podr\u00eda haber recibido m\u00e1s.<\/p>\n<p>Si llama al <a href=\"https:\/\/joelhschwartz.com\/\">despacho de abogados de Joel H. Schwartz, PC<\/a>, recibir\u00e1 un excelente asesoramiento legal y representaci\u00f3n de un abogado con experiencia en responsabilidad civil en Boston. Proporcionamos a cada caso la atenci\u00f3n y los recursos que necesita, y le daremos la mejor oportunidad para obtener la mayor compensaci\u00f3n posible. Llame hoy para concertar una consulta gratuita al <a href=\"tel:18006602270\">1-800-660-2270<\/a> o contacte con nosotros a trav\u00e9s del formulario de contacto en esta p\u00e1gina.<\/p>\n","protected":false},"excerpt":{"rendered":"<p>Abogado de responsabilidad civil en Boston No debe lesionarse solo porque haya visitado la propiedad de otra persona. Trabaje con un abogado de responsabilidad civil en Boston y obtenga la compensaci\u00f3n que requiere su recuperaci\u00f3n. Tropezar frente a una empresa se ha convertido en un remate a tiempo parcial debido a su asociaci\u00f3n con los [&hellip;]<\/p>\n","protected":false},"author":1,"featured_media":0,"parent":0,"menu_order":0,"comment_status":"closed","ping_status":"closed","template":"","meta":{"_genesis_hide_title":false,"_genesis_hide_breadcrumbs":false,"_genesis_hide_singular_image":false,"_genesis_hide_footer_widgets":false,"_genesis_custom_body_class":"","_genesis_custom_post_class":"","_genesis_layout":"","footnotes":""},"class_list":{"0":"post-9846","1":"page","2":"type-page","3":"status-publish","5":"entry"},"yoast_head":"<!-- This site is optimized with the Yoast SEO plugin v27.5 - https:\/\/yoast.com\/product\/yoast-seo-wordpress\/ -->\n<title>Boston Premises Liability Lawyer | Seeking Compensation for Premises Liability Cases in Spanish<\/title>\n<meta name=\"description\" content=\"\u00bfHa resultado herido mientras visitaba la casa o propiedad de otra persona? Usted ten\u00eda derecho a tener seguridad, lo que hace que el due\u00f1o de la propiedad tenga la culpa. Contacte con nosotros hoy y vea si tiene un caso.\" \/>\n<meta name=\"robots\" content=\"index, follow, max-snippet:-1, max-image-preview:large, max-video-preview:-1\" \/>\n<link rel=\"canonical\" href=\"https:\/\/www.joelhschwartz.com\/es\/boston-premises-liability-lawyer\/\" \/>\n<meta property=\"og:locale\" content=\"es_ES\" \/>\n<meta property=\"og:type\" content=\"article\" \/>\n<meta property=\"og:title\" content=\"Boston Premises Liability Lawyer | Seeking Compensation for Premises Liability Cases in Spanish\" \/>\n<meta property=\"og:description\" content=\"\u00bfHa resultado herido mientras visitaba la casa o propiedad de otra persona? Usted ten\u00eda derecho a tener seguridad, lo que hace que el due\u00f1o de la propiedad tenga la culpa. Contacte con nosotros hoy y vea si tiene un caso.\" \/>\n<meta property=\"og:url\" content=\"https:\/\/www.joelhschwartz.com\/es\/boston-premises-liability-lawyer\/\" \/>\n<meta property=\"og:site_name\" content=\"Joel H. Schwartz, P.C.\" \/>\n<meta property=\"article:publisher\" content=\"https:\/\/www.facebook.com\/Joel-H-Schwartz-PC-107140366019671\/\" \/>\n<meta property=\"article:modified_time\" content=\"2022-03-17T02:24:32+00:00\" \/>\n<meta name=\"twitter:card\" content=\"summary_large_image\" \/>\n<meta name=\"twitter:site\" content=\"@joelhschwartzpc\" \/>\n<meta name=\"twitter:label1\" content=\"Tiempo de lectura\" \/>\n\t<meta name=\"twitter:data1\" content=\"5 minutos\" \/>\n<script type=\"application\/ld+json\" class=\"yoast-schema-graph\">{\"@context\":\"https:\\\/\\\/schema.org\",\"@graph\":[{\"@type\":\"WebPage\",\"@id\":\"https:\\\/\\\/www.joelhschwartz.com\\\/es\\\/boston-premises-liability-lawyer\\\/\",\"url\":\"https:\\\/\\\/www.joelhschwartz.com\\\/es\\\/boston-premises-liability-lawyer\\\/\",\"name\":\"Boston Premises Liability Lawyer | Seeking Compensation for Premises Liability Cases in Spanish\",\"isPartOf\":{\"@id\":\"https:\\\/\\\/www.joelhschwartz.com\\\/#website\"},\"datePublished\":\"2016-11-23T02:38:17+00:00\",\"dateModified\":\"2022-03-17T02:24:32+00:00\",\"description\":\"\u00bfHa resultado herido mientras visitaba la casa o propiedad de otra persona? Usted ten\u00eda derecho a tener seguridad, lo que hace que el due\u00f1o de la propiedad tenga la culpa. Contacte con nosotros hoy y vea si tiene un caso.\",\"breadcrumb\":{\"@id\":\"https:\\\/\\\/www.joelhschwartz.com\\\/es\\\/boston-premises-liability-lawyer\\\/#breadcrumb\"},\"inLanguage\":\"es\",\"potentialAction\":[{\"@type\":\"ReadAction\",\"target\":[\"https:\\\/\\\/www.joelhschwartz.com\\\/es\\\/boston-premises-liability-lawyer\\\/\"]}]},{\"@type\":\"BreadcrumbList\",\"@id\":\"https:\\\/\\\/www.joelhschwartz.com\\\/es\\\/boston-premises-liability-lawyer\\\/#breadcrumb\",\"itemListElement\":[{\"@type\":\"ListItem\",\"position\":1,\"name\":\"Home\",\"item\":\"https:\\\/\\\/www.joelhschwartz.com\\\/es\\\/\"},{\"@type\":\"ListItem\",\"position\":2,\"name\":\"Responsabilidad civil\"}]},{\"@type\":\"WebSite\",\"@id\":\"https:\\\/\\\/www.joelhschwartz.com\\\/#website\",\"url\":\"https:\\\/\\\/www.joelhschwartz.com\\\/\",\"name\":\"Joel H. Schwartz, P.C.\",\"description\":\"\",\"potentialAction\":[{\"@type\":\"SearchAction\",\"target\":{\"@type\":\"EntryPoint\",\"urlTemplate\":\"https:\\\/\\\/www.joelhschwartz.com\\\/?s={search_term_string}\"},\"query-input\":{\"@type\":\"PropertyValueSpecification\",\"valueRequired\":true,\"valueName\":\"search_term_string\"}}],\"inLanguage\":\"es\"}]}<\/script>\n<!-- \/ Yoast SEO plugin. -->","yoast_head_json":{"title":"Boston Premises Liability Lawyer | Seeking Compensation for Premises Liability Cases in Spanish","description":"\u00bfHa resultado herido mientras visitaba la casa o propiedad de otra persona? Usted ten\u00eda derecho a tener seguridad, lo que hace que el due\u00f1o de la propiedad tenga la culpa. Contacte con nosotros hoy y vea si tiene un caso.","robots":{"index":"index","follow":"follow","max-snippet":"max-snippet:-1","max-image-preview":"max-image-preview:large","max-video-preview":"max-video-preview:-1"},"canonical":"https:\/\/www.joelhschwartz.com\/es\/boston-premises-liability-lawyer\/","og_locale":"es_ES","og_type":"article","og_title":"Boston Premises Liability Lawyer | Seeking Compensation for Premises Liability Cases in Spanish","og_description":"\u00bfHa resultado herido mientras visitaba la casa o propiedad de otra persona? Usted ten\u00eda derecho a tener seguridad, lo que hace que el due\u00f1o de la propiedad tenga la culpa. Contacte con nosotros hoy y vea si tiene un caso.","og_url":"https:\/\/www.joelhschwartz.com\/es\/boston-premises-liability-lawyer\/","og_site_name":"Joel H. Schwartz, P.C.","article_publisher":"https:\/\/www.facebook.com\/Joel-H-Schwartz-PC-107140366019671\/","article_modified_time":"2022-03-17T02:24:32+00:00","twitter_card":"summary_large_image","twitter_site":"@joelhschwartzpc","twitter_misc":{"Tiempo de lectura":"5 minutos"},"schema":{"@context":"https:\/\/schema.org","@graph":[{"@type":"WebPage","@id":"https:\/\/www.joelhschwartz.com\/es\/boston-premises-liability-lawyer\/","url":"https:\/\/www.joelhschwartz.com\/es\/boston-premises-liability-lawyer\/","name":"Boston Premises Liability Lawyer | Seeking Compensation for Premises Liability Cases in Spanish","isPartOf":{"@id":"https:\/\/www.joelhschwartz.com\/#website"},"datePublished":"2016-11-23T02:38:17+00:00","dateModified":"2022-03-17T02:24:32+00:00","description":"\u00bfHa resultado herido mientras visitaba la casa o propiedad de otra persona? Usted ten\u00eda derecho a tener seguridad, lo que hace que el due\u00f1o de la propiedad tenga la culpa. Contacte con nosotros hoy y vea si tiene un caso.","breadcrumb":{"@id":"https:\/\/www.joelhschwartz.com\/es\/boston-premises-liability-lawyer\/#breadcrumb"},"inLanguage":"es","potentialAction":[{"@type":"ReadAction","target":["https:\/\/www.joelhschwartz.com\/es\/boston-premises-liability-lawyer\/"]}]},{"@type":"BreadcrumbList","@id":"https:\/\/www.joelhschwartz.com\/es\/boston-premises-liability-lawyer\/#breadcrumb","itemListElement":[{"@type":"ListItem","position":1,"name":"Home","item":"https:\/\/www.joelhschwartz.com\/es\/"},{"@type":"ListItem","position":2,"name":"Responsabilidad civil"}]},{"@type":"WebSite","@id":"https:\/\/www.joelhschwartz.com\/#website","url":"https:\/\/www.joelhschwartz.com\/","name":"Joel H. Schwartz, P.C.","description":"","potentialAction":[{"@type":"SearchAction","target":{"@type":"EntryPoint","urlTemplate":"https:\/\/www.joelhschwartz.com\/?s={search_term_string}"},"query-input":{"@type":"PropertyValueSpecification","valueRequired":true,"valueName":"search_term_string"}}],"inLanguage":"es"}]}},"_links":{"self":[{"href":"https:\/\/www.joelhschwartz.com\/es\/wp-json\/wp\/v2\/pages\/9846","targetHints":{"allow":["GET"]}}],"collection":[{"href":"https:\/\/www.joelhschwartz.com\/es\/wp-json\/wp\/v2\/pages"}],"about":[{"href":"https:\/\/www.joelhschwartz.com\/es\/wp-json\/wp\/v2\/types\/page"}],"author":[{"embeddable":true,"href":"https:\/\/www.joelhschwartz.com\/es\/wp-json\/wp\/v2\/users\/1"}],"replies":[{"embeddable":true,"href":"https:\/\/www.joelhschwartz.com\/es\/wp-json\/wp\/v2\/comments?post=9846"}],"version-history":[{"count":0,"href":"https:\/\/www.joelhschwartz.com\/es\/wp-json\/wp\/v2\/pages\/9846\/revisions"}],"wp:attachment":[{"href":"https:\/\/www.joelhschwartz.com\/es\/wp-json\/wp\/v2\/media?parent=9846"}],"curies":[{"name":"wp","href":"https:\/\/api.w.org\/{rel}","templated":true}]}}