{"id":9784,"date":"2016-11-22T21:31:07","date_gmt":"2016-11-23T02:31:07","guid":{"rendered":"http:\/\/sneaky-growler.flywheelsites.com\/boston-boat-accident-lawyer\/"},"modified":"2022-03-16T22:17:28","modified_gmt":"2022-03-17T02:17:28","slug":"boston-boat-accident-lawyer","status":"publish","type":"page","link":"https:\/\/www.joelhschwartz.com\/es\/boston-boat-accident-lawyer\/","title":{"rendered":"Accidentes de barco"},"content":{"rendered":"<h1>Abogado de accidentes de barco en Boston<\/h1>\n<div class=\"innerpage_mainContentHolder\">\n<blockquote><p><em>Independientemente de que su accidente de barco haya implicado una lesi\u00f3n, da\u00f1o a la propiedad o incluso un ahogamiento, puede recibir una compensaci\u00f3n con la ayuda de un abogado de accidentes de barco en Boston.<\/em><\/p><\/blockquote>\n<p>Boston Harbor, Charles y Cape ofrecen muchas opciones para los navegantes recreativos y remeros. Pero las embarcaciones de recreo, grandes y peque\u00f1as, no solo deben coexistir entre s\u00ed, sino que tambi\u00e9n deben mantenerse alejadas de las embarcaciones comerciales que puedan estar operando a altas velocidades. Cuando los patrones incumplen las reglas y se comportan de manera insegura, se producen choques, que a menudo dejan v\u00edctimas inocentes gravemente heridas o incluso muertas.<\/p>\n<p>De hecho, la Guardia Costera inform\u00f3 de 626 muertes y 2,618 lesiones en un total de 4,158 accidentes de navegaci\u00f3n recreativa en 2015, con un coste de $42,000,000 en da\u00f1os a la propiedad.<\/p>\n<p>Si un accidente de barco ha afectado a su vida, puede ser el momento de hablar con un abogado de accidentes de barco en Boston de Joel H. Schwartz, PC para averiguar si le deben una compensaci\u00f3n por sus lesiones. Si otra persona se comport\u00f3 de manera negligente, es posible que tenga motivos para presentar un caso de <a href=\"https:\/\/joelhschwartz.com\/boston-personal-injury-lawyer\/\">lesiones personales<\/a> o <a href=\"https:\/\/joelhschwartz.com\/boston-wrongful-death-lawyer\/\">muerte por negligencia<\/a>.<\/p>\n<h2><strong>Causas de los accidentes de barco en Massachusetts<\/strong><\/h2>\n<p>Algunos navegantes salen al agua sin la certificaci\u00f3n adecuada y no se informan sobre los peligros \u00fanicos de la navegaci\u00f3n, no obedecen las <a href=\"https:\/\/www.mass.gov\/eea\/grants-and-tech-assistance\/enforcement\/environmental-police\/boat-and-recreation-vehicle-safety-bureau\/massachusetts-boating-law-summary.html\">leyes<\/a> y adoptan una actitud de liberalismo hacia el pilotaje de su embarcaci\u00f3n, lo que puede provocar accidentes innecesarios.<\/p>\n<p>Algo acerca de estar en mar abierto hace que algunos navegantes se sientan en libertad de hacer lo que quieran.<\/p>\n<p>Quiz\u00e1s sea porque estar en el agua no parece tener los peligros inmediatos de la carretera. No hay tr\u00e1fico constante en sentido contrario ni polic\u00edas al acecho, por lo que los navegantes sienten que pueden ir tan r\u00e1pido como quieran, beber hasta hartarse y soltarse sin consecuencias. O tal vez sacan su barco una vez al a\u00f1o y apenas lo usan, por lo que sienten que no tienen que tener al d\u00eda las reparaciones y el mantenimiento.<\/p>\n<p>Seg\u00fan la Guardia Costera de EE.UU., los siguientes escenarios fueron las cinco principales causas de accidentes de navegaci\u00f3n recreativa. Todas estas razones podr\u00edan tener derecho a una demanda por lesiones personales, as\u00ed que aseg\u00farese de discutirlo con su abogado de accidentes de barco en Boston:<\/p>\n<ul>\n<li>Descuido del operador<\/li>\n<li>Inexperiencia del operador<\/li>\n<li>Vigilancia inadecuada<\/li>\n<li>Fallo de maquinaria<\/li>\n<li>Velocidad excesiva<\/li>\n<\/ul>\n<h2><strong>La principal causa de muertes en navegaci\u00f3n es el consumo de alcohol<\/strong><\/h2>\n<p>Seg\u00fan la Guardia Costera de EE.UU., en aproximadamente el 17 por ciento de los accidentes de navegaci\u00f3n fatales estaba implicado el alcohol. En la navegaci\u00f3n de recreo, muchas personas consumen alcohol y drogas, posiblemente pensando que navegar ebrio no puede ser tan peligroso como conducir un coche bajo los efectos del alcohol.<\/p>\n<p>Obviamente, la incapacidad al operar cualquier tipo de aparato es peligrosa, independientemente de que se encuentre en tierra o en el mar, y su mal juicio puede provocar lesiones y la muerte a otras personas. . Un <a href=\"https:\/\/www.google.com\/maps?cid=1857218917581551873\">abogado de accidentes de barco en Boston <\/a>de nuestro despacho recuperar\u00e1 los informes policiales y las pruebas de contenido de alcohol en sangre que respaldar\u00e1n su caso.<\/p>\n<h2><strong>Tipos de lesiones por accidentes de barco<\/strong><\/h2>\n<p>Su abogado de accidentes de barco en Boston estar\u00e1 familiarizado con la representaci\u00f3n de clientes que han sufrido una variedad de diferentes tipos de lesiones. Los siguientes son los tipos que vemos con mayor frecuencia en accidentes de navegaci\u00f3n recreativa:<\/p>\n<ul>\n<li><a href=\"https:\/\/joelhschwartz.com\/boston-traumatic-brain-injury-lawyer\/\">Lesiones cerebrales<\/a> y en la cabeza<\/li>\n<li><a href=\"https:\/\/joelhschwartz.com\/boston-spine-injury-lawyer\/\">Da\u00f1o en la m\u00e9dula espinal<\/a><\/li>\n<li>Hipotermia por quedar varado en el agua<\/li>\n<li>Laceraciones profundas por lesiones con la h\u00e9lice<\/li>\n<li><a href=\"https:\/\/joelhschwartz.com\/boston-broken-bone-lawyer\/\">Huesos rotos<\/a><\/li>\n<li>Muerte por negligencia, habitualmente por ahogamiento<\/li>\n<\/ul>\n<h2><strong>\u00bfQu\u00e9 puede compensarse en un accidente de barco?<\/strong><\/h2>\n<p>Si alg\u00fan delito o negligencia fue lo que provoc\u00f3 su accidente de barco, es posible que tenga un caso de lesiones personales que le permita reclamar una indemnizaci\u00f3n por da\u00f1os y perjuicios. Se pueden buscar ganancias pasadas y futuras, as\u00ed como el pago de facturas m\u00e9dicas pasadas y futuras, dolor y sufrimiento, p\u00e9rdida del consorcio, angustia mental y angustia emocional.<\/p>\n<p>No solo otro navegante puede ser responsable de su accidente, sino que el propietario de la embarcaci\u00f3n o el fabricante de las piezas tambi\u00e9n podr\u00edan tener la culpa. A veces, varias partes ser\u00e1n relevantes para un caso. Las <a href=\"https:\/\/www.uscgboating.org\/content\/recalls.php\">retiradas<\/a> de partes de la navegaci\u00f3n son comunes y pueden haber influido en su accidente. Es importante actuar ahora para asegurarse de obtener la compensaci\u00f3n que necesitar\u00e1 en el futuro por sus lesiones.<\/p>\n<h2><strong>Consulte con un abogado de accidentes de barco en Boston<\/strong><\/h2>\n<p>El <a href=\"https:\/\/joelhschwartz.com\/\">Despacho de Abogados de Joel H. Schwartz, PC<\/a> puede proporcionarle un abogado experto en accidentes de barco en Boston que sepa c\u00f3mo reconstruir los detalles de su accidente y construir el caso m\u00e1s s\u00f3lido posible para usted. Lo ayudaremos a buscar da\u00f1os y perjuicios por todas las formas en que sus lesiones lo han afectado \u2013 independientemente de que sean financieras, emocionales o f\u00edsicas.<\/p>\n<p>Sabemos c\u00f3mo examinar los accidentes de barco y recopilar pruebas para reconstruir los detalles de lo que sucedi\u00f3. Ll\u00e1menos hoy gratis y sin compromiso marcando el <a href=\"tel:18006602270\">1-800-660-2270<\/a>. Alternativamente, tambi\u00e9n puede contactar con nosotros enviando el formulario que encontrar\u00e1 a continuaci\u00f3n.<\/p>\n<\/div>\n","protected":false},"excerpt":{"rendered":"<p>Abogado de accidentes de barco en Boston Independientemente de que su accidente de barco haya implicado una lesi\u00f3n, da\u00f1o a la propiedad o incluso un ahogamiento, puede recibir una compensaci\u00f3n con la ayuda de un abogado de accidentes de barco en Boston. Boston Harbor, Charles y Cape ofrecen muchas opciones para los navegantes recreativos y [&hellip;]<\/p>\n","protected":false},"author":5,"featured_media":0,"parent":0,"menu_order":0,"comment_status":"closed","ping_status":"closed","template":"","meta":{"_genesis_hide_title":false,"_genesis_hide_breadcrumbs":false,"_genesis_hide_singular_image":false,"_genesis_hide_footer_widgets":false,"_genesis_custom_body_class":"","_genesis_custom_post_class":"","_genesis_layout":"","footnotes":""},"class_list":{"0":"post-9784","1":"page","2":"type-page","3":"status-publish","5":"entry"},"yoast_head":"<!-- This site is optimized with the Yoast SEO plugin v27.4 - https:\/\/yoast.com\/product\/yoast-seo-wordpress\/ -->\n<title>Boston Boat Accident Lawyer | Legal Representation for Boat Accident Victims in Spanish<\/title>\n<meta name=\"description\" content=\"Despu\u00e9s de un accidente de barco, necesita saber qui\u00e9n tuvo la culpa y c\u00f3mo recibir una compensaci\u00f3n, especialmente para saber si tiene un caso y su valor.\" \/>\n<meta name=\"robots\" content=\"index, follow, max-snippet:-1, max-image-preview:large, max-video-preview:-1\" \/>\n<link rel=\"canonical\" href=\"https:\/\/www.joelhschwartz.com\/boston-boat-accident-lawyer\/\" \/>\n<meta property=\"og:locale\" content=\"es_ES\" \/>\n<meta property=\"og:type\" content=\"article\" \/>\n<meta property=\"og:title\" content=\"Boston Boat Accident Lawyer | Legal Representation for Boat Accident Victims in Spanish\" \/>\n<meta property=\"og:description\" content=\"Despu\u00e9s de un accidente de barco, necesita saber qui\u00e9n tuvo la culpa y c\u00f3mo recibir una compensaci\u00f3n, especialmente para saber si tiene un caso y su valor.\" \/>\n<meta property=\"og:url\" content=\"https:\/\/www.joelhschwartz.com\/boston-boat-accident-lawyer\/\" \/>\n<meta property=\"og:site_name\" content=\"Joel H. Schwartz, P.C.\" \/>\n<meta property=\"article:publisher\" content=\"https:\/\/www.facebook.com\/Joel-H-Schwartz-PC-107140366019671\/\" \/>\n<meta property=\"article:modified_time\" content=\"2022-03-17T02:17:28+00:00\" \/>\n<meta name=\"twitter:card\" content=\"summary_large_image\" \/>\n<meta name=\"twitter:site\" content=\"@joelhschwartzpc\" \/>\n<meta name=\"twitter:label1\" content=\"Tiempo de lectura\" \/>\n\t<meta name=\"twitter:data1\" content=\"4 minutos\" \/>\n<script type=\"application\/ld+json\" class=\"yoast-schema-graph\">{\"@context\":\"https:\\\/\\\/schema.org\",\"@graph\":[{\"@type\":\"WebPage\",\"@id\":\"https:\\\/\\\/www.joelhschwartz.com\\\/boston-boat-accident-lawyer\\\/\",\"url\":\"https:\\\/\\\/www.joelhschwartz.com\\\/boston-boat-accident-lawyer\\\/\",\"name\":\"Boston Boat Accident Lawyer | Legal Representation for Boat Accident Victims in Spanish\",\"isPartOf\":{\"@id\":\"https:\\\/\\\/www.joelhschwartz.com\\\/#website\"},\"datePublished\":\"2016-11-23T02:31:07+00:00\",\"dateModified\":\"2022-03-17T02:17:28+00:00\",\"description\":\"Despu\u00e9s de un accidente de barco, necesita saber qui\u00e9n tuvo la culpa y c\u00f3mo recibir una compensaci\u00f3n, especialmente para saber si tiene un caso y su valor.\",\"breadcrumb\":{\"@id\":\"https:\\\/\\\/www.joelhschwartz.com\\\/boston-boat-accident-lawyer\\\/#breadcrumb\"},\"inLanguage\":\"es\",\"potentialAction\":[{\"@type\":\"ReadAction\",\"target\":[\"https:\\\/\\\/www.joelhschwartz.com\\\/boston-boat-accident-lawyer\\\/\"]}]},{\"@type\":\"BreadcrumbList\",\"@id\":\"https:\\\/\\\/www.joelhschwartz.com\\\/boston-boat-accident-lawyer\\\/#breadcrumb\",\"itemListElement\":[{\"@type\":\"ListItem\",\"position\":1,\"name\":\"Home\",\"item\":\"https:\\\/\\\/www.joelhschwartz.com\\\/es\\\/\"},{\"@type\":\"ListItem\",\"position\":2,\"name\":\"Accidentes de barco\"}]},{\"@type\":\"WebSite\",\"@id\":\"https:\\\/\\\/www.joelhschwartz.com\\\/#website\",\"url\":\"https:\\\/\\\/www.joelhschwartz.com\\\/\",\"name\":\"Joel H. Schwartz, P.C.\",\"description\":\"\",\"potentialAction\":[{\"@type\":\"SearchAction\",\"target\":{\"@type\":\"EntryPoint\",\"urlTemplate\":\"https:\\\/\\\/www.joelhschwartz.com\\\/?s={search_term_string}\"},\"query-input\":{\"@type\":\"PropertyValueSpecification\",\"valueRequired\":true,\"valueName\":\"search_term_string\"}}],\"inLanguage\":\"es\"}]}<\/script>\n<!-- \/ Yoast SEO plugin. -->","yoast_head_json":{"title":"Boston Boat Accident Lawyer | Legal Representation for Boat Accident Victims in Spanish","description":"Despu\u00e9s de un accidente de barco, necesita saber qui\u00e9n tuvo la culpa y c\u00f3mo recibir una compensaci\u00f3n, especialmente para saber si tiene un caso y su valor.","robots":{"index":"index","follow":"follow","max-snippet":"max-snippet:-1","max-image-preview":"max-image-preview:large","max-video-preview":"max-video-preview:-1"},"canonical":"https:\/\/www.joelhschwartz.com\/boston-boat-accident-lawyer\/","og_locale":"es_ES","og_type":"article","og_title":"Boston Boat Accident Lawyer | Legal Representation for Boat Accident Victims in Spanish","og_description":"Despu\u00e9s de un accidente de barco, necesita saber qui\u00e9n tuvo la culpa y c\u00f3mo recibir una compensaci\u00f3n, especialmente para saber si tiene un caso y su valor.","og_url":"https:\/\/www.joelhschwartz.com\/boston-boat-accident-lawyer\/","og_site_name":"Joel H. Schwartz, P.C.","article_publisher":"https:\/\/www.facebook.com\/Joel-H-Schwartz-PC-107140366019671\/","article_modified_time":"2022-03-17T02:17:28+00:00","twitter_card":"summary_large_image","twitter_site":"@joelhschwartzpc","twitter_misc":{"Tiempo de lectura":"4 minutos"},"schema":{"@context":"https:\/\/schema.org","@graph":[{"@type":"WebPage","@id":"https:\/\/www.joelhschwartz.com\/boston-boat-accident-lawyer\/","url":"https:\/\/www.joelhschwartz.com\/boston-boat-accident-lawyer\/","name":"Boston Boat Accident Lawyer | Legal Representation for Boat Accident Victims in Spanish","isPartOf":{"@id":"https:\/\/www.joelhschwartz.com\/#website"},"datePublished":"2016-11-23T02:31:07+00:00","dateModified":"2022-03-17T02:17:28+00:00","description":"Despu\u00e9s de un accidente de barco, necesita saber qui\u00e9n tuvo la culpa y c\u00f3mo recibir una compensaci\u00f3n, especialmente para saber si tiene un caso y su valor.","breadcrumb":{"@id":"https:\/\/www.joelhschwartz.com\/boston-boat-accident-lawyer\/#breadcrumb"},"inLanguage":"es","potentialAction":[{"@type":"ReadAction","target":["https:\/\/www.joelhschwartz.com\/boston-boat-accident-lawyer\/"]}]},{"@type":"BreadcrumbList","@id":"https:\/\/www.joelhschwartz.com\/boston-boat-accident-lawyer\/#breadcrumb","itemListElement":[{"@type":"ListItem","position":1,"name":"Home","item":"https:\/\/www.joelhschwartz.com\/es\/"},{"@type":"ListItem","position":2,"name":"Accidentes de barco"}]},{"@type":"WebSite","@id":"https:\/\/www.joelhschwartz.com\/#website","url":"https:\/\/www.joelhschwartz.com\/","name":"Joel H. Schwartz, P.C.","description":"","potentialAction":[{"@type":"SearchAction","target":{"@type":"EntryPoint","urlTemplate":"https:\/\/www.joelhschwartz.com\/?s={search_term_string}"},"query-input":{"@type":"PropertyValueSpecification","valueRequired":true,"valueName":"search_term_string"}}],"inLanguage":"es"}]}},"_links":{"self":[{"href":"https:\/\/www.joelhschwartz.com\/es\/wp-json\/wp\/v2\/pages\/9784","targetHints":{"allow":["GET"]}}],"collection":[{"href":"https:\/\/www.joelhschwartz.com\/es\/wp-json\/wp\/v2\/pages"}],"about":[{"href":"https:\/\/www.joelhschwartz.com\/es\/wp-json\/wp\/v2\/types\/page"}],"author":[{"embeddable":true,"href":"https:\/\/www.joelhschwartz.com\/es\/wp-json\/wp\/v2\/users\/5"}],"replies":[{"embeddable":true,"href":"https:\/\/www.joelhschwartz.com\/es\/wp-json\/wp\/v2\/comments?post=9784"}],"version-history":[{"count":0,"href":"https:\/\/www.joelhschwartz.com\/es\/wp-json\/wp\/v2\/pages\/9784\/revisions"}],"wp:attachment":[{"href":"https:\/\/www.joelhschwartz.com\/es\/wp-json\/wp\/v2\/media?parent=9784"}],"curies":[{"name":"wp","href":"https:\/\/api.w.org\/{rel}","templated":true}]}}