{"id":9605,"date":"2022-02-28T07:25:15","date_gmt":"2022-02-28T12:25:15","guid":{"rendered":"http:\/\/sneaky-growler.flywheelsites.com\/?page_id=9605"},"modified":"2022-03-16T22:15:52","modified_gmt":"2022-03-17T02:15:52","slug":"abogados-de-accidentes-de-tren-en-boston-esta-herido-haga-clic-aqui","status":"publish","type":"page","link":"https:\/\/www.joelhschwartz.com\/es\/abogados-de-accidentes-de-tren-en-boston-esta-herido-haga-clic-aqui\/","title":{"rendered":"Accidentes de Tren"},"content":{"rendered":"<h1>Abogados de Accidentes de Tren en Boston<\/h1>\n<div class=\"innerpage_mainContentHolder\">\n<blockquote><p><i>Desde los descarrilamientos hasta las lesiones sufridas en el and\u00e9n, un<br \/>\nabogado especializado en accidentes de tren de Boston puede ayudarle a<br \/>\nrecuperar una indemnizaci\u00f3n completa para cubrir sus da\u00f1os y p\u00e9rdidas.<\/i><\/p><\/blockquote>\n<p>Afortunadamente, no se oye hablar con demasiada frecuencia de accidentes de trenes<br \/>\nsuburbanos; sin embargo, ocurren. Si usted ha estado involucrado en uno, sabe de<br \/>\nprimera mano lo aterrador que puede ser. Tambi\u00e9n es probable que conozca bien las<br \/>\nposibles lesiones en un accidente de este tipo.<\/p>\n<p>Cuando se trata de un accidente de este tipo, lo m\u00e1s probable es que no sea su culpa,<br \/>\npor lo que es importante que averig\u00fce qui\u00e9n o qu\u00e9 caus\u00f3 el accidente. La mejor<br \/>\nmanera de hacerlo es contratar a un abogado de accidentes de tren de Boston de Joel<br \/>\nH. Schwartz, PC.<\/p>\n<p>Adem\u00e1s de luchar por una indemnizaci\u00f3n, su abogado est\u00e1 ah\u00ed para reunir pruebas que<br \/>\nrespalden su demanda. Vamos a ir a trav\u00e9s del proceso para determinar qui\u00e9n o qu\u00e9<br \/>\ncaus\u00f3 el accidente, lo que indicar\u00e1 que necesita ser nombrado en su demanda de<br \/>\nlesiones personales.<\/p>\n<h2><strong>Causa y culpa en los accidentes de trenes ligeros<\/strong><\/h2>\n<p>Como en cualquier accidente, hay muchos escenarios que podr\u00edan haber causado un<br \/>\naccidente de tren o una lesi\u00f3n en la estaci\u00f3n. Algunas causas potenciales de los<br \/>\naccidentes de trenes de cercan\u00edas son las siguientes:<\/p>\n<ul>\n<li><b>Ignorancia o neglicencia del conductor-<\/b> \u2013 Incluyendo el manejo distra\u00eddo<br \/>\ndel tren, la fatiga o la simple falta de conocimiento sobre el manejo adecuado<\/li>\n<li><b>Peligros en las rieles \u2013<\/b> provocados por equipos de construcci\u00f3n dejados<br \/>\nsobre la v\u00eda o demasiado cerca de ella, o por cualquier residuo dejado en la<br \/>\nv\u00eda del tren<\/li>\n<li><b>Maquinario defectuosa \u2013<\/b> \u2013 Piezas defectuosas en el tren o en los ra\u00edles<\/li>\n<li><b>\u25cf Interferencia de automovilistas o peatones \u2013<\/b> ISi un automovilista o un<br \/>\npeat\u00f3n se ha detenido en la v\u00eda<\/li>\n<\/ul>\n<p>Investigar la causa de su lesi\u00f3n es el primer paso l\u00f3gico para determinar la culpa. Cualquiera<br \/>\nde las causas enumeradas anteriormente puede revelar la existencia de m\u00faltiples partes<br \/>\nculpables, como el conductor, el fabricante del tren, la compa\u00f1\u00eda ferroviaria o los t\u00e9cnicos<br \/>\nresponsables del mantenimiento del tren. Aunque no es raro tener un caso de culpa m\u00faltiple,<br \/>\nsigue siendo un proceso que toma tiempo para completar.<\/p>\n<p>Su abogado se dedicar\u00e1 a investigar la causa de su lesi\u00f3n para que todas las pruebas puedan<br \/>\nser presentadas al calcular la cantidad de indemnizaci\u00f3n a la que tiene derecho.<\/p>\n<h2><strong>Imdenmizaci\u00f3n moentaria para los heridos del accidente<\/strong><\/h2>\n<p>En los accidentes de tren en los que hay lesiones, su prioridad probablemente sea<br \/>\nasegurarse de que al menos se le indemnice por los gastos m\u00e9dicos. Sin embargo, su<br \/>\nabogado no se detendr\u00e1 ah\u00ed.<\/p>\n<p>Si bien la cantidad exacta de dinero a la que tiene derecho var\u00eda en funci\u00f3n de la<br \/>\nnaturaleza de sus p\u00e9rdidas y la gravedad de sus lesiones, otros gastos o<br \/>\ncompensaciones que se pueden conceder son los siguientes:<\/p>\n<ul>\n<li>P\u00e9rdida de salarios, ingresos o ganancias potenciales<\/li>\n<li>Dolor y sufrimiento<\/li>\n<li>Rehabilitaci\u00f3n o fisioterapia<\/li>\n<li>Los gastos de transporte asociados a sus lesiones<\/li>\n<li>Angustia emocional<\/li>\n<\/ul>\n<p>Hay muchos otros factores no econ\u00f3micos por los que puede recibir dinero, como la<br \/>\np\u00e9rdida de consorcio; sin embargo, para obtener la mejor estimaci\u00f3n de su<br \/>\nindemnizaci\u00f3n total, debe ponerse en contacto con un abogado con experiencia.<\/p>\n<h2><strong>Contacte a un abogado expero en accidentes de accidentes de trenes en Boston<\/strong><\/h2>\n<p>Despu\u00e9s de un accidente grave, como un choque de trenes, tendr\u00e1s que hacer frente a<br \/>\nlos inevitables costos asociados a las facturas m\u00e9dicas, las visitas al juzgado y mucho<br \/>\nm\u00e1s. El proceso puede tardar meses en completarse, y no querr\u00e1 hacerlo solo.<\/p>\n<p>Para asegurarse de obtener la indemnizaci\u00f3n que merece, p\u00f3ngase en contacto hoy<br \/>\nmismo con un abogado especializado en accidentes de tren de Boston de Joel H.<br \/>\nSchwartz, PC, rellenando el siguiente formulario o llam\u00e1ndonos directamente al 1-800-<br \/>\n660-2270.<\/p>\n<\/div>\n","protected":false},"excerpt":{"rendered":"<p>Abogados de Accidentes de Tren en Boston Desde los descarrilamientos hasta las lesiones sufridas en el and\u00e9n, un abogado especializado en accidentes de tren de Boston puede ayudarle a recuperar una indemnizaci\u00f3n completa para cubrir sus da\u00f1os y p\u00e9rdidas. Afortunadamente, no se oye hablar con demasiada frecuencia de accidentes de trenes suburbanos; sin embargo, ocurren. [&hellip;]<\/p>\n","protected":false},"author":1,"featured_media":0,"parent":0,"menu_order":0,"comment_status":"closed","ping_status":"closed","template":"","meta":{"_genesis_hide_title":false,"_genesis_hide_breadcrumbs":false,"_genesis_hide_singular_image":false,"_genesis_hide_footer_widgets":false,"_genesis_custom_body_class":"","_genesis_custom_post_class":"","_genesis_layout":"","footnotes":""},"class_list":{"0":"post-9605","1":"page","2":"type-page","3":"status-publish","5":"entry"},"yoast_head":"<!-- This site is optimized with the Yoast SEO plugin v27.4 - https:\/\/yoast.com\/product\/yoast-seo-wordpress\/ -->\n<title>Accidentes de Tren - Joel H. Schwartz, P.C.<\/title>\n<meta name=\"description\" content=\"No deje que un ACCIDENTE DE TREN en BOSTON pare sus ingresos y lo deje lesionado.\u00a1Averig\u00fce lo que se le debe! ***OBTENGA AYUDA AHORA***CONSULTA GRATUITA***\" \/>\n<meta name=\"robots\" content=\"index, follow, max-snippet:-1, max-image-preview:large, max-video-preview:-1\" \/>\n<link rel=\"canonical\" href=\"https:\/\/www.joelhschwartz.com\/es\/abogados-de-accidentes-de-tren-en-boston-esta-herido-haga-clic-aqui\/\" \/>\n<meta property=\"og:locale\" content=\"es_ES\" \/>\n<meta property=\"og:type\" content=\"article\" \/>\n<meta property=\"og:title\" content=\"Accidentes de Tren - Joel H. Schwartz, P.C.\" \/>\n<meta property=\"og:description\" content=\"No deje que un ACCIDENTE DE TREN en BOSTON pare sus ingresos y lo deje lesionado.\u00a1Averig\u00fce lo que se le debe! ***OBTENGA AYUDA AHORA***CONSULTA GRATUITA***\" \/>\n<meta property=\"og:url\" content=\"https:\/\/www.joelhschwartz.com\/es\/abogados-de-accidentes-de-tren-en-boston-esta-herido-haga-clic-aqui\/\" \/>\n<meta property=\"og:site_name\" content=\"Joel H. Schwartz, P.C.\" \/>\n<meta property=\"article:publisher\" content=\"https:\/\/www.facebook.com\/Joel-H-Schwartz-PC-107140366019671\/\" \/>\n<meta property=\"article:modified_time\" content=\"2022-03-17T02:15:52+00:00\" \/>\n<meta name=\"twitter:card\" content=\"summary_large_image\" \/>\n<meta name=\"twitter:site\" content=\"@joelhschwartzpc\" \/>\n<meta name=\"twitter:label1\" content=\"Tiempo de lectura\" \/>\n\t<meta name=\"twitter:data1\" content=\"3 minutos\" \/>\n<script type=\"application\/ld+json\" class=\"yoast-schema-graph\">{\"@context\":\"https:\\\/\\\/schema.org\",\"@graph\":[{\"@type\":\"WebPage\",\"@id\":\"https:\\\/\\\/www.joelhschwartz.com\\\/es\\\/abogados-de-accidentes-de-tren-en-boston-esta-herido-haga-clic-aqui\\\/\",\"url\":\"https:\\\/\\\/www.joelhschwartz.com\\\/es\\\/abogados-de-accidentes-de-tren-en-boston-esta-herido-haga-clic-aqui\\\/\",\"name\":\"Accidentes de Tren - Joel H. Schwartz, P.C.\",\"isPartOf\":{\"@id\":\"https:\\\/\\\/www.joelhschwartz.com\\\/#website\"},\"datePublished\":\"2022-02-28T12:25:15+00:00\",\"dateModified\":\"2022-03-17T02:15:52+00:00\",\"description\":\"No deje que un ACCIDENTE DE TREN en BOSTON pare sus ingresos y lo deje lesionado.\u00a1Averig\u00fce lo que se le debe! ***OBTENGA AYUDA AHORA***CONSULTA GRATUITA***\",\"breadcrumb\":{\"@id\":\"https:\\\/\\\/www.joelhschwartz.com\\\/es\\\/abogados-de-accidentes-de-tren-en-boston-esta-herido-haga-clic-aqui\\\/#breadcrumb\"},\"inLanguage\":\"es\",\"potentialAction\":[{\"@type\":\"ReadAction\",\"target\":[\"https:\\\/\\\/www.joelhschwartz.com\\\/es\\\/abogados-de-accidentes-de-tren-en-boston-esta-herido-haga-clic-aqui\\\/\"]}]},{\"@type\":\"BreadcrumbList\",\"@id\":\"https:\\\/\\\/www.joelhschwartz.com\\\/es\\\/abogados-de-accidentes-de-tren-en-boston-esta-herido-haga-clic-aqui\\\/#breadcrumb\",\"itemListElement\":[{\"@type\":\"ListItem\",\"position\":1,\"name\":\"Home\",\"item\":\"https:\\\/\\\/www.joelhschwartz.com\\\/es\\\/\"},{\"@type\":\"ListItem\",\"position\":2,\"name\":\"Accidentes de Tren\"}]},{\"@type\":\"WebSite\",\"@id\":\"https:\\\/\\\/www.joelhschwartz.com\\\/#website\",\"url\":\"https:\\\/\\\/www.joelhschwartz.com\\\/\",\"name\":\"Joel H. Schwartz, P.C.\",\"description\":\"\",\"potentialAction\":[{\"@type\":\"SearchAction\",\"target\":{\"@type\":\"EntryPoint\",\"urlTemplate\":\"https:\\\/\\\/www.joelhschwartz.com\\\/?s={search_term_string}\"},\"query-input\":{\"@type\":\"PropertyValueSpecification\",\"valueRequired\":true,\"valueName\":\"search_term_string\"}}],\"inLanguage\":\"es\"}]}<\/script>\n<!-- \/ Yoast SEO plugin. -->","yoast_head_json":{"title":"Accidentes de Tren - Joel H. Schwartz, P.C.","description":"No deje que un ACCIDENTE DE TREN en BOSTON pare sus ingresos y lo deje lesionado.\u00a1Averig\u00fce lo que se le debe! ***OBTENGA AYUDA AHORA***CONSULTA GRATUITA***","robots":{"index":"index","follow":"follow","max-snippet":"max-snippet:-1","max-image-preview":"max-image-preview:large","max-video-preview":"max-video-preview:-1"},"canonical":"https:\/\/www.joelhschwartz.com\/es\/abogados-de-accidentes-de-tren-en-boston-esta-herido-haga-clic-aqui\/","og_locale":"es_ES","og_type":"article","og_title":"Accidentes de Tren - Joel H. Schwartz, P.C.","og_description":"No deje que un ACCIDENTE DE TREN en BOSTON pare sus ingresos y lo deje lesionado.\u00a1Averig\u00fce lo que se le debe! ***OBTENGA AYUDA AHORA***CONSULTA GRATUITA***","og_url":"https:\/\/www.joelhschwartz.com\/es\/abogados-de-accidentes-de-tren-en-boston-esta-herido-haga-clic-aqui\/","og_site_name":"Joel H. Schwartz, P.C.","article_publisher":"https:\/\/www.facebook.com\/Joel-H-Schwartz-PC-107140366019671\/","article_modified_time":"2022-03-17T02:15:52+00:00","twitter_card":"summary_large_image","twitter_site":"@joelhschwartzpc","twitter_misc":{"Tiempo de lectura":"3 minutos"},"schema":{"@context":"https:\/\/schema.org","@graph":[{"@type":"WebPage","@id":"https:\/\/www.joelhschwartz.com\/es\/abogados-de-accidentes-de-tren-en-boston-esta-herido-haga-clic-aqui\/","url":"https:\/\/www.joelhschwartz.com\/es\/abogados-de-accidentes-de-tren-en-boston-esta-herido-haga-clic-aqui\/","name":"Accidentes de Tren - Joel H. Schwartz, P.C.","isPartOf":{"@id":"https:\/\/www.joelhschwartz.com\/#website"},"datePublished":"2022-02-28T12:25:15+00:00","dateModified":"2022-03-17T02:15:52+00:00","description":"No deje que un ACCIDENTE DE TREN en BOSTON pare sus ingresos y lo deje lesionado.\u00a1Averig\u00fce lo que se le debe! ***OBTENGA AYUDA AHORA***CONSULTA GRATUITA***","breadcrumb":{"@id":"https:\/\/www.joelhschwartz.com\/es\/abogados-de-accidentes-de-tren-en-boston-esta-herido-haga-clic-aqui\/#breadcrumb"},"inLanguage":"es","potentialAction":[{"@type":"ReadAction","target":["https:\/\/www.joelhschwartz.com\/es\/abogados-de-accidentes-de-tren-en-boston-esta-herido-haga-clic-aqui\/"]}]},{"@type":"BreadcrumbList","@id":"https:\/\/www.joelhschwartz.com\/es\/abogados-de-accidentes-de-tren-en-boston-esta-herido-haga-clic-aqui\/#breadcrumb","itemListElement":[{"@type":"ListItem","position":1,"name":"Home","item":"https:\/\/www.joelhschwartz.com\/es\/"},{"@type":"ListItem","position":2,"name":"Accidentes de Tren"}]},{"@type":"WebSite","@id":"https:\/\/www.joelhschwartz.com\/#website","url":"https:\/\/www.joelhschwartz.com\/","name":"Joel H. Schwartz, P.C.","description":"","potentialAction":[{"@type":"SearchAction","target":{"@type":"EntryPoint","urlTemplate":"https:\/\/www.joelhschwartz.com\/?s={search_term_string}"},"query-input":{"@type":"PropertyValueSpecification","valueRequired":true,"valueName":"search_term_string"}}],"inLanguage":"es"}]}},"_links":{"self":[{"href":"https:\/\/www.joelhschwartz.com\/es\/wp-json\/wp\/v2\/pages\/9605","targetHints":{"allow":["GET"]}}],"collection":[{"href":"https:\/\/www.joelhschwartz.com\/es\/wp-json\/wp\/v2\/pages"}],"about":[{"href":"https:\/\/www.joelhschwartz.com\/es\/wp-json\/wp\/v2\/types\/page"}],"author":[{"embeddable":true,"href":"https:\/\/www.joelhschwartz.com\/es\/wp-json\/wp\/v2\/users\/1"}],"replies":[{"embeddable":true,"href":"https:\/\/www.joelhschwartz.com\/es\/wp-json\/wp\/v2\/comments?post=9605"}],"version-history":[{"count":0,"href":"https:\/\/www.joelhschwartz.com\/es\/wp-json\/wp\/v2\/pages\/9605\/revisions"}],"wp:attachment":[{"href":"https:\/\/www.joelhschwartz.com\/es\/wp-json\/wp\/v2\/media?parent=9605"}],"curies":[{"name":"wp","href":"https:\/\/api.w.org\/{rel}","templated":true}]}}