{"id":9585,"date":"2022-02-27T12:06:59","date_gmt":"2022-02-27T17:06:59","guid":{"rendered":"http:\/\/sneaky-growler.flywheelsites.com\/?page_id=9585"},"modified":"2022-03-12T12:53:21","modified_gmt":"2022-03-12T17:53:21","slug":"steven-a-schwartz-joel-h-schwartz-p-c","status":"publish","type":"page","link":"https:\/\/www.joelhschwartz.com\/es\/steven-a-schwartz-joel-h-schwartz-p-c\/","title":{"rendered":"Steven A. Schwartz"},"content":{"rendered":"<h1>Steven A. Schwartz<\/h1>\n<div class=\"Inner-Image-Right Attorney\">\n<div class=\"Attorney-Image\"><img decoding=\"async\" src=\"https:\/\/joelhschwartz.com\/wp-content\/uploads\/2021\/10\/Steve-Schwartz-Profile-001.jpg\" alt=\"\" \/><\/div>\n<h3>SOCIO DIRECTOR<\/h3>\n<p><b>Direcci\u00f3n<\/b>: One Washington Mall Boston, MA 02108<\/p>\n<p><b>Tel\u00e9fono<\/b>: 617-742-1170<\/p>\n<p><b>Fax<\/b>: 617-742-3237<\/p>\n<p><b>Correo electr\u00f3nico<\/b>: sas@joelhschwartz.com<\/p>\n<p><b>Cargo<\/b>: Socio Director, Abogado Supervisor<\/p>\n<p><b>Con Firma<\/b>: Desde 1988<\/p>\n<\/div>\n<h3><b>Educaci\u00f3n<\/b><\/h3>\n<ul class=\"profileSummary\">\n<li>Universidad de Harvard 1983<\/li>\n<li>Universidad de Rochester | Licenciado en Psicolog\u00eda 1988<br \/>\n<em>magna cum laude<\/em><\/li>\n<li>Facultad de Derecho de la Universidad del Noreste | J.D. 1991<\/li>\n<\/ul>\n<h3><b>\u00c1reas de Experiencia<\/b><\/h3>\n<ul class=\"profileSummary\">\n<li>Accidentes de automovil\u00edsticos<\/li>\n<li>Responsabilidad Civil General<\/li>\n<li>Indemnizaci\u00f3n por accidentes de trabajo<\/li>\n<li>Litigios<\/li>\n<\/ul>\n<h3><b>Admisi\u00f3n al Colegio de Abogados<\/b><\/h3>\n<ul class=\"profileSummary\">\n<li>Massachusetts 1991<\/li>\n<li>Tribunal de distrito de EE. UU. de Massachusetts 1992<\/li>\n<li>Tribunal de Apelaci\u00f3n de EE. UU. de Massachusetts 1992<\/li>\n<\/ul>\n<h3><b>Asociaciones Profesionales<\/b><\/h3>\n<ul class=\"profileSummary\">\n<li>Colegio de Abogados de Massachusetts, miembro<br \/>\nConsejo de la Secci\u00f3n de Gesti\u00f3n del Ejercicio de la Abogac\u00eda, miembro actual<br \/>\n&#8211; Nombrado enlace web para LPM 2006-2007<br \/>\n&#8211; Nombrado enlace legislativo para LPM 2007-2010<br \/>\n&#8211; Nombrado enlace del grupo de compensaci\u00f3n de trabajadores 2009-2010<\/li>\n<li>Asociaci\u00f3n de Abogados de Boston, miembro<\/li>\n<li>Academia de Abogados Litigantes de Massachusetts, miembro<\/li>\n<\/ul>\n<h3><b>Honores, premios y reconocimientos<\/b><\/h3>\n<ul class=\"profileSummary\">\n<li>Calificaci\u00f3n de AVVO 10.0 Superb (Calificaci\u00f3n independiente)<\/li>\n<li>1 de 150 abogados seleccionados en todo el pa\u00eds para responder a preguntas legales<br \/>\nen LAWYERS.COM &#8211; 2011 hasta el presente<\/li>\n<li>Top Litigation Lawyer en Massachusetts &#8211; 2014 hasta el presente &#8211; reconocido por la<br \/>\nSociedad Americana de Abogados<\/li>\n<li>Certificado de socio extraordinario &#8211; 2013-2014 &#8211; honrado por la Alianza de hablantes de<br \/>\nportugu\u00e9s de Massachusetts<\/li>\n<li>Hombre del a\u00f1o en Derecho 2009 &#8211; reconocido por el Instituto Biogr\u00e1fico Americano<\/li>\n<li>Premio al liderazgo y a los logros de Strathmore&#8217;s Who&#8217;s Who 2006-2007<\/li>\n<li>Patriot Ledger (El libro de los patriotas)<\/li>\n<li>Autor destacado &#8211; Libro &#8211; \u00abFighting For Justice (Lucha por la justicia)\u00bb, Expert Press<\/li>\n<\/ul>\n<h3>Cargos anteriores<b><br \/>\n<\/b><\/h3>\n<ul class=\"profileSummary\">\n<li>Universidad de Northeastern, Boston, MA<br \/>\n<em>Oficina del Consejero General<\/em><\/li>\n<li>Proyecto de Abogados Voluntarios, Boston, MA<\/li>\n<li>Parker &amp; Cohen, Boston, MA<\/li>\n<\/ul>\n<h3>Clases \u2013 Seminarios impartidos<b><br \/>\n<\/b><\/h3>\n<ul class=\"profileSummary\">\n<li>Ponente principal de la consultora japonesa Funai Soken STUDY Tour &#8211; 10\/9\/2014<\/li>\n<li>Colaborador legal frecuente en LAWQA.com &#8211; 2011 hasta el presente<\/li>\n<li>Colegio de Abogados de Massachusetts &#8211; Programa Dial-A-Lawyer &#8211; 9\/7\/2011<\/li>\n<li>Seminario del Colegio de Abogados de Massachusetts &#8211; Ponente Destacado &#8211;<br \/>\nTurbocharge Your Practice: A Primer for Going Paperless (Impulsa tu pr\u00e1ctica: Un<br \/>\nmanual para no usar papel) &#8211; 8\/12\/08<\/li>\n<li>Conferencia de Educaci\u00f3n Jur\u00eddica Continua del Colegio de Abogados de<br \/>\nMassachusetts &#8211; Ponente Destacado &#8211; Tecnolog\u00eda legal y consejos de gesti\u00f3n de la<br \/>\npr\u00e1ctica &#8211; 4\/28\/08<\/li>\n<li>MBA &#8216;s Practically Speaking Newsletter (Bolet\u00edn de noticias pr\u00e1cticamente hablando del<br \/>\nMBA) &#8211; Art\u00edculo &#8211; \u00a1Es hora de Jott! &#8211; 4\/10\/2008<\/li>\n<li>Conferencia anual para abogados del Colegio de Abogados de Massachusetts &#8211;<br \/>\nPonente Destacado &#8211; Practicando en un mundo electr\u00f3nico &#8211; 3\/2\/07<\/li>\n<li>Responsabilidad de la pintura con plomo &#8211; Autoridad de la Vivienda de Brockton<\/li>\n<li>06\/01\/92 &#8211; Presidente del programa<\/li>\n<\/ul>\n<h3><b>Hobbies e Intereses<br \/>\n<\/b><\/h3>\n<ul class=\"profileSummary\">\n<li>Piano<\/li>\n<li>Tennis<\/li>\n<li>Golf<\/li>\n<li>Computadoras<\/li>\n<\/ul>\n<h3><b>Participaci\u00f3n Comunitaria<br \/>\n<\/b><\/h3>\n<ul class=\"profileSummary\">\n<li>Amigos de la Am\u00e9ricas<\/li>\n<li>Sellos de Pascua<\/li>\n<li>Asociaci\u00f3n de Distrofia Muscular<\/li>\n<li>Caminata por el Hambre<\/li>\n<li>Sociedad de Leucemia de Massachusetts<\/li>\n<\/ul>\n<div class=\"Attorneys-Logos\"><img decoding=\"async\" class=\"alignleft size-full wp-image-4876\" src=\"https:\/\/joelhschwartz.com\/wp-content\/uploads\/2016\/10\/avvo-rating.png\" alt=\"\" width=\"180\" height=\"143\" srcset=\"https:\/\/www.joelhschwartz.com\/wp-content\/uploads\/2016\/10\/avvo-rating.png 180w, https:\/\/www.joelhschwartz.com\/wp-content\/uploads\/2016\/10\/avvo-rating-50x40.png 50w, https:\/\/www.joelhschwartz.com\/wp-content\/uploads\/2016\/10\/avvo-rating-94x75.png 94w\" sizes=\"(max-width: 180px) 100vw, 180px\" \/><a href=\"https:\/\/www.avvo.com\/attorneys\/02108-ma-steven-schwartz-1343566.html?utm_campaign=avvo_contributor_badge&amp;utm_content=1343566&amp;utm_medium=avvo_badge&amp;utm_source=avvo\" target=\"_blank\" rel=\"noopener\"><img decoding=\"async\" class=\"alignleft size-full wp-image-8152\" src=\"https:\/\/joelhschwartz.com\/wp-content\/uploads\/2021\/10\/Avvo.png\" alt=\"\" width=\"144\" height=\"115\" srcset=\"https:\/\/www.joelhschwartz.com\/wp-content\/uploads\/2021\/10\/Avvo.png 144w, https:\/\/www.joelhschwartz.com\/wp-content\/uploads\/2021\/10\/Avvo-125x100.png 125w, https:\/\/www.joelhschwartz.com\/wp-content\/uploads\/2021\/10\/Avvo-75x60.png 75w\" sizes=\"(max-width: 144px) 100vw, 144px\" \/><\/a><img decoding=\"async\" class=\"alignleft size-full wp-image-5997\" src=\"https:\/\/joelhschwartz.com\/wp-content\/uploads\/2019\/01\/seven-time-member-badge.png\" alt=\"\" width=\"350\" height=\"349\" srcset=\"https:\/\/www.joelhschwartz.com\/wp-content\/uploads\/2019\/01\/seven-time-member-badge.png 350w, https:\/\/www.joelhschwartz.com\/wp-content\/uploads\/2019\/01\/seven-time-member-badge-150x150.png 150w, https:\/\/www.joelhschwartz.com\/wp-content\/uploads\/2019\/01\/seven-time-member-badge-300x300.png 300w, https:\/\/www.joelhschwartz.com\/wp-content\/uploads\/2019\/01\/seven-time-member-badge-146x146.png 146w, https:\/\/www.joelhschwartz.com\/wp-content\/uploads\/2019\/01\/seven-time-member-badge-50x50.png 50w, https:\/\/www.joelhschwartz.com\/wp-content\/uploads\/2019\/01\/seven-time-member-badge-80x80.png 80w, https:\/\/www.joelhschwartz.com\/wp-content\/uploads\/2019\/01\/seven-time-member-badge-75x75.png 75w, https:\/\/www.joelhschwartz.com\/wp-content\/uploads\/2019\/01\/seven-time-member-badge-85x85.png 85w\" sizes=\"(max-width: 350px) 100vw, 350px\" \/><img decoding=\"async\" class=\"alignleft size-full wp-image-5995\" src=\"https:\/\/joelhschwartz.com\/wp-content\/uploads\/2019\/01\/2019-top-100-1.png\" alt=\"\" width=\"400\" height=\"400\" srcset=\"https:\/\/www.joelhschwartz.com\/wp-content\/uploads\/2019\/01\/2019-top-100-1.png 400w, https:\/\/www.joelhschwartz.com\/wp-content\/uploads\/2019\/01\/2019-top-100-1-150x150.png 150w, https:\/\/www.joelhschwartz.com\/wp-content\/uploads\/2019\/01\/2019-top-100-1-300x300.png 300w, https:\/\/www.joelhschwartz.com\/wp-content\/uploads\/2019\/01\/2019-top-100-1-146x146.png 146w, https:\/\/www.joelhschwartz.com\/wp-content\/uploads\/2019\/01\/2019-top-100-1-50x50.png 50w, https:\/\/www.joelhschwartz.com\/wp-content\/uploads\/2019\/01\/2019-top-100-1-80x80.png 80w, https:\/\/www.joelhschwartz.com\/wp-content\/uploads\/2019\/01\/2019-top-100-1-75x75.png 75w, https:\/\/www.joelhschwartz.com\/wp-content\/uploads\/2019\/01\/2019-top-100-1-85x85.png 85w\" sizes=\"(max-width: 400px) 100vw, 400px\" \/><\/div>\n","protected":false},"excerpt":{"rendered":"<p>Steven A. Schwartz SOCIO DIRECTOR Direcci\u00f3n: One Washington Mall Boston, MA 02108 Tel\u00e9fono: 617-742-1170 Fax: 617-742-3237 Correo electr\u00f3nico: sas@joelhschwartz.com Cargo: Socio Director, Abogado Supervisor Con Firma: Desde 1988 Educaci\u00f3n Universidad de Harvard 1983 Universidad de Rochester | Licenciado en Psicolog\u00eda 1988 magna cum laude Facultad de Derecho de la Universidad del Noreste | J.D. 1991 [&hellip;]<\/p>\n","protected":false},"author":1,"featured_media":0,"parent":0,"menu_order":0,"comment_status":"closed","ping_status":"closed","template":"","meta":{"_genesis_hide_title":false,"_genesis_hide_breadcrumbs":false,"_genesis_hide_singular_image":false,"_genesis_hide_footer_widgets":false,"_genesis_custom_body_class":"","_genesis_custom_post_class":"","_genesis_layout":"","footnotes":""},"class_list":{"0":"post-9585","1":"page","2":"type-page","3":"status-publish","5":"entry"},"yoast_head":"<!-- This site is optimized with the Yoast SEO plugin v27.4 - https:\/\/yoast.com\/product\/yoast-seo-wordpress\/ -->\n<title>Steven A. Schwartz - Joel H. Schwartz, P.C.<\/title>\n<meta name=\"robots\" content=\"index, follow, max-snippet:-1, max-image-preview:large, max-video-preview:-1\" \/>\n<link rel=\"canonical\" href=\"https:\/\/www.joelhschwartz.com\/steven-a-schwartz\/\" \/>\n<meta property=\"og:locale\" content=\"es_ES\" \/>\n<meta property=\"og:type\" content=\"article\" \/>\n<meta property=\"og:title\" content=\"Steven A. Schwartz - Joel H. Schwartz, P.C.\" \/>\n<meta property=\"og:description\" content=\"Steven A. Schwartz SOCIO DIRECTOR Direcci\u00f3n: One Washington Mall Boston, MA 02108 Tel\u00e9fono: 617-742-1170 Fax: 617-742-3237 Correo electr\u00f3nico: sas@joelhschwartz.com Cargo: Socio Director, Abogado Supervisor Con Firma: Desde 1988 Educaci\u00f3n Universidad de Harvard 1983 Universidad de Rochester | Licenciado en Psicolog\u00eda 1988 magna cum laude Facultad de Derecho de la Universidad del Noreste | J.D. 1991 [&hellip;]\" \/>\n<meta property=\"og:url\" content=\"https:\/\/www.joelhschwartz.com\/steven-a-schwartz\/\" \/>\n<meta property=\"og:site_name\" content=\"Joel H. Schwartz, P.C.\" \/>\n<meta property=\"article:publisher\" content=\"https:\/\/www.facebook.com\/Joel-H-Schwartz-PC-107140366019671\/\" \/>\n<meta property=\"article:modified_time\" content=\"2022-03-12T17:53:21+00:00\" \/>\n<meta property=\"og:image\" content=\"https:\/\/joelhschwartz.com\/wp-content\/uploads\/2021\/10\/Steve-Schwartz-Profile-001.jpg\" \/>\n<meta name=\"twitter:card\" content=\"summary_large_image\" \/>\n<meta name=\"twitter:site\" content=\"@joelhschwartzpc\" \/>\n<meta name=\"twitter:label1\" content=\"Tiempo de lectura\" \/>\n\t<meta name=\"twitter:data1\" content=\"2 minutos\" \/>\n<script type=\"application\/ld+json\" class=\"yoast-schema-graph\">{\"@context\":\"https:\\\/\\\/schema.org\",\"@graph\":[{\"@type\":\"WebPage\",\"@id\":\"https:\\\/\\\/www.joelhschwartz.com\\\/steven-a-schwartz\\\/\",\"url\":\"https:\\\/\\\/www.joelhschwartz.com\\\/steven-a-schwartz\\\/\",\"name\":\"Steven A. Schwartz - Joel H. Schwartz, P.C.\",\"isPartOf\":{\"@id\":\"https:\\\/\\\/www.joelhschwartz.com\\\/#website\"},\"primaryImageOfPage\":{\"@id\":\"https:\\\/\\\/www.joelhschwartz.com\\\/steven-a-schwartz\\\/#primaryimage\"},\"image\":{\"@id\":\"https:\\\/\\\/www.joelhschwartz.com\\\/steven-a-schwartz\\\/#primaryimage\"},\"thumbnailUrl\":\"https:\\\/\\\/joelhschwartz.com\\\/wp-content\\\/uploads\\\/2021\\\/10\\\/Steve-Schwartz-Profile-001.jpg\",\"datePublished\":\"2022-02-27T17:06:59+00:00\",\"dateModified\":\"2022-03-12T17:53:21+00:00\",\"breadcrumb\":{\"@id\":\"https:\\\/\\\/www.joelhschwartz.com\\\/steven-a-schwartz\\\/#breadcrumb\"},\"inLanguage\":\"es\",\"potentialAction\":[{\"@type\":\"ReadAction\",\"target\":[\"https:\\\/\\\/www.joelhschwartz.com\\\/steven-a-schwartz\\\/\"]}]},{\"@type\":\"ImageObject\",\"inLanguage\":\"es\",\"@id\":\"https:\\\/\\\/www.joelhschwartz.com\\\/steven-a-schwartz\\\/#primaryimage\",\"url\":\"https:\\\/\\\/joelhschwartz.com\\\/wp-content\\\/uploads\\\/2021\\\/10\\\/Steve-Schwartz-Profile-001.jpg\",\"contentUrl\":\"https:\\\/\\\/joelhschwartz.com\\\/wp-content\\\/uploads\\\/2021\\\/10\\\/Steve-Schwartz-Profile-001.jpg\"},{\"@type\":\"BreadcrumbList\",\"@id\":\"https:\\\/\\\/www.joelhschwartz.com\\\/steven-a-schwartz\\\/#breadcrumb\",\"itemListElement\":[{\"@type\":\"ListItem\",\"position\":1,\"name\":\"Home\",\"item\":\"https:\\\/\\\/www.joelhschwartz.com\\\/es\\\/\"},{\"@type\":\"ListItem\",\"position\":2,\"name\":\"Steven A. Schwartz\"}]},{\"@type\":\"WebSite\",\"@id\":\"https:\\\/\\\/www.joelhschwartz.com\\\/#website\",\"url\":\"https:\\\/\\\/www.joelhschwartz.com\\\/\",\"name\":\"Joel H. Schwartz, P.C.\",\"description\":\"\",\"potentialAction\":[{\"@type\":\"SearchAction\",\"target\":{\"@type\":\"EntryPoint\",\"urlTemplate\":\"https:\\\/\\\/www.joelhschwartz.com\\\/?s={search_term_string}\"},\"query-input\":{\"@type\":\"PropertyValueSpecification\",\"valueRequired\":true,\"valueName\":\"search_term_string\"}}],\"inLanguage\":\"es\"}]}<\/script>\n<!-- \/ Yoast SEO plugin. -->","yoast_head_json":{"title":"Steven A. Schwartz - Joel H. Schwartz, P.C.","robots":{"index":"index","follow":"follow","max-snippet":"max-snippet:-1","max-image-preview":"max-image-preview:large","max-video-preview":"max-video-preview:-1"},"canonical":"https:\/\/www.joelhschwartz.com\/steven-a-schwartz\/","og_locale":"es_ES","og_type":"article","og_title":"Steven A. Schwartz - Joel H. Schwartz, P.C.","og_description":"Steven A. Schwartz SOCIO DIRECTOR Direcci\u00f3n: One Washington Mall Boston, MA 02108 Tel\u00e9fono: 617-742-1170 Fax: 617-742-3237 Correo electr\u00f3nico: sas@joelhschwartz.com Cargo: Socio Director, Abogado Supervisor Con Firma: Desde 1988 Educaci\u00f3n Universidad de Harvard 1983 Universidad de Rochester | Licenciado en Psicolog\u00eda 1988 magna cum laude Facultad de Derecho de la Universidad del Noreste | J.D. 1991 [&hellip;]","og_url":"https:\/\/www.joelhschwartz.com\/steven-a-schwartz\/","og_site_name":"Joel H. Schwartz, P.C.","article_publisher":"https:\/\/www.facebook.com\/Joel-H-Schwartz-PC-107140366019671\/","article_modified_time":"2022-03-12T17:53:21+00:00","og_image":[{"url":"https:\/\/joelhschwartz.com\/wp-content\/uploads\/2021\/10\/Steve-Schwartz-Profile-001.jpg","type":"","width":"","height":""}],"twitter_card":"summary_large_image","twitter_site":"@joelhschwartzpc","twitter_misc":{"Tiempo de lectura":"2 minutos"},"schema":{"@context":"https:\/\/schema.org","@graph":[{"@type":"WebPage","@id":"https:\/\/www.joelhschwartz.com\/steven-a-schwartz\/","url":"https:\/\/www.joelhschwartz.com\/steven-a-schwartz\/","name":"Steven A. Schwartz - Joel H. Schwartz, P.C.","isPartOf":{"@id":"https:\/\/www.joelhschwartz.com\/#website"},"primaryImageOfPage":{"@id":"https:\/\/www.joelhschwartz.com\/steven-a-schwartz\/#primaryimage"},"image":{"@id":"https:\/\/www.joelhschwartz.com\/steven-a-schwartz\/#primaryimage"},"thumbnailUrl":"https:\/\/joelhschwartz.com\/wp-content\/uploads\/2021\/10\/Steve-Schwartz-Profile-001.jpg","datePublished":"2022-02-27T17:06:59+00:00","dateModified":"2022-03-12T17:53:21+00:00","breadcrumb":{"@id":"https:\/\/www.joelhschwartz.com\/steven-a-schwartz\/#breadcrumb"},"inLanguage":"es","potentialAction":[{"@type":"ReadAction","target":["https:\/\/www.joelhschwartz.com\/steven-a-schwartz\/"]}]},{"@type":"ImageObject","inLanguage":"es","@id":"https:\/\/www.joelhschwartz.com\/steven-a-schwartz\/#primaryimage","url":"https:\/\/joelhschwartz.com\/wp-content\/uploads\/2021\/10\/Steve-Schwartz-Profile-001.jpg","contentUrl":"https:\/\/joelhschwartz.com\/wp-content\/uploads\/2021\/10\/Steve-Schwartz-Profile-001.jpg"},{"@type":"BreadcrumbList","@id":"https:\/\/www.joelhschwartz.com\/steven-a-schwartz\/#breadcrumb","itemListElement":[{"@type":"ListItem","position":1,"name":"Home","item":"https:\/\/www.joelhschwartz.com\/es\/"},{"@type":"ListItem","position":2,"name":"Steven A. Schwartz"}]},{"@type":"WebSite","@id":"https:\/\/www.joelhschwartz.com\/#website","url":"https:\/\/www.joelhschwartz.com\/","name":"Joel H. Schwartz, P.C.","description":"","potentialAction":[{"@type":"SearchAction","target":{"@type":"EntryPoint","urlTemplate":"https:\/\/www.joelhschwartz.com\/?s={search_term_string}"},"query-input":{"@type":"PropertyValueSpecification","valueRequired":true,"valueName":"search_term_string"}}],"inLanguage":"es"}]}},"_links":{"self":[{"href":"https:\/\/www.joelhschwartz.com\/es\/wp-json\/wp\/v2\/pages\/9585","targetHints":{"allow":["GET"]}}],"collection":[{"href":"https:\/\/www.joelhschwartz.com\/es\/wp-json\/wp\/v2\/pages"}],"about":[{"href":"https:\/\/www.joelhschwartz.com\/es\/wp-json\/wp\/v2\/types\/page"}],"author":[{"embeddable":true,"href":"https:\/\/www.joelhschwartz.com\/es\/wp-json\/wp\/v2\/users\/1"}],"replies":[{"embeddable":true,"href":"https:\/\/www.joelhschwartz.com\/es\/wp-json\/wp\/v2\/comments?post=9585"}],"version-history":[{"count":0,"href":"https:\/\/www.joelhschwartz.com\/es\/wp-json\/wp\/v2\/pages\/9585\/revisions"}],"wp:attachment":[{"href":"https:\/\/www.joelhschwartz.com\/es\/wp-json\/wp\/v2\/media?parent=9585"}],"curies":[{"name":"wp","href":"https:\/\/api.w.org\/{rel}","templated":true}]}}