{"id":9576,"date":"2022-02-27T06:26:56","date_gmt":"2022-02-27T11:26:56","guid":{"rendered":"http:\/\/sneaky-growler.flywheelsites.com\/?page_id=9576"},"modified":"2022-03-12T12:57:15","modified_gmt":"2022-03-12T17:57:15","slug":"matthew-t-lallier-joel-h-schwartz-p-c","status":"publish","type":"page","link":"https:\/\/www.joelhschwartz.com\/es\/matthew-t-lallier-joel-h-schwartz-p-c\/","title":{"rendered":"Matthew T. Lallier"},"content":{"rendered":"<h1>Matthew T. Lallier<\/h1>\n<div class=\"Inner-Image-Right Attorney\">\n<div class=\"Attorney-Image\"><img decoding=\"async\" class=\"alignnone\" title=\"Matthew T. Lallier personal injury lawyer\" src=\"https:\/\/joelhschwartz.com\/wp-content\/uploads\/2021\/10\/mtl-jsil-photo-2.jpeg\" alt=\"Matthew T. Lallier personal injury lawyer\" width=\"1920\" height=\"2400\" \/><\/div>\n<h3>ABOGADO ASOCIADO<\/h3>\n<p><b>Direcci\u00f3n<\/b>: One Washington Mall<br \/>\nBoston, MA 02108<\/p>\n<p><b>Tel\u00e9fono<\/b>: 617-742-1170<\/p>\n<p><b>Fax<\/b>: 617-742-3237<\/p>\n<p><b>Cargo<\/b>: Abogado Asociado<\/p>\n<p><b>Con Firma<\/b>: Desde 2019<\/p>\n<\/div>\n<h3><strong>Educaci\u00f3n:<\/strong><\/h3>\n<ul>\n<li>Union College | B.A. Ciencias Pol\u00edticas 2003<\/li>\n<li>Escuela de Derecho de Massachusetts | J.D, 2008 concentraci\u00f3n en litigios<\/li>\n<\/ul>\n<h3><strong>\u00c1reas de Experiencia:<\/strong><\/h3>\n<ul>\n<li>Accidentes de automovil\u00edsticos<\/li>\n<li>Lesiones por resbalones y ca\u00eddas<\/li>\n<li>Lesiones por nieve y hielo<\/li>\n<li>Responsabilidad por licor<\/li>\n<li>Accidentes en obras de construcci\u00f3n<\/li>\n<li>Mordeduras de perro<\/li>\n<li>Accidentes de camiones<\/li>\n<li>Litigios<\/li>\n<\/ul>\n<h3><strong>Admisi\u00f3n al Colegio de Abogados:<\/strong><\/h3>\n<ul>\n<li>Massachusetts 2008<\/li>\n<li>Tribunal de distrito de EE. UU. de Massachusetts 2009<\/li>\n<\/ul>\n<h3><strong>Asociaciones Profesionales:<\/strong><\/h3>\n<ul>\n<li>Colegio de Abogados de Massachusetts<\/li>\n<li>Academia de Abogados Litigantes de Massachusetts<\/li>\n<li>Asociaci\u00f3n Americana de Justicia<\/li>\n<li>Asociaci\u00f3n de Abogados de Boston<\/li>\n<li>Gremio Nacional de Abogados<\/li>\n<\/ul>\n<h3><strong>Cargos anteriores:<\/strong><\/h3>\n<ul>\n<li>Abogado de litigios para una firma de lesiones personales del \u00e1rea<br \/>\nmetropolitana de Boston<\/li>\n<li>Socio de una empresa de derechos del consumidor<\/li>\n<li>Consejero de Salud Mental en la Unidad Pedi\u00e1trica del Hospital Ana<br \/>\nJacques<\/li>\n<\/ul>\n<h3><strong>Participaci\u00f3n Comunitaria:<\/strong><\/h3>\n<ul>\n<li>AAJ Mock Trial Competition &#8211; Juez<\/li>\n<li>Comit\u00e9 Vecinal<\/li>\n<li>Abogado Por Un D\u00eda<\/li>\n<li>Proyecto de abogados voluntarios<\/li>\n<li>Gremio Nacional de Abogados<\/li>\n<li>\uf0b7 Comisi\u00f3n de Conservaci\u00f3n de Danvers, MA<\/li>\n<\/ul>\n<p>Matt ha estado ejerciendo desde 2008. Antes de unirse a Joel H. Schwartz en 2019 como<br \/>\nasociado senior, fue propietario de un bufete de abogados boutique en la costa norte donde<br \/>\ndesarroll\u00f3 una amplia experiencia en litigios. Matt redujo su enfoque a las lesiones personales<br \/>\nen 2015 y cree que construir una relaci\u00f3n con su cliente es esencial para una defensa efectiva.<br \/>\nAdem\u00e1s de numerosos juicios en los tribunales del distrito y superiores, la experiencia de Matt<br \/>\nen juicios incluye la Corte de Sucesiones y Familia, la Corte de Menores, los Tribunales de<br \/>\nVivienda, y la Gran Logia Mas\u00f3nica, numerosos juicios de banco, y los arbitrajes y<br \/>\nmediaciones, incluyendo numerosos premios de seis cifras de los demandantes.<br \/>\nCuando no est\u00e1 en la oficina, Matt disfruta de correr, el golf de disco, haciendo lo que sea que<br \/>\nest\u00e9 relacionado con Star Wars y pasar tiempo con su esposa y sus tres hijas.<\/p>\n","protected":false},"excerpt":{"rendered":"<p>Matthew T. Lallier ABOGADO ASOCIADO Direcci\u00f3n: One Washington Mall Boston, MA 02108 Tel\u00e9fono: 617-742-1170 Fax: 617-742-3237 Cargo: Abogado Asociado Con Firma: Desde 2019 Educaci\u00f3n: Union College | B.A. Ciencias Pol\u00edticas 2003 Escuela de Derecho de Massachusetts | J.D, 2008 concentraci\u00f3n en litigios \u00c1reas de Experiencia: Accidentes de automovil\u00edsticos Lesiones por resbalones y ca\u00eddas Lesiones por [&hellip;]<\/p>\n","protected":false},"author":1,"featured_media":0,"parent":0,"menu_order":0,"comment_status":"closed","ping_status":"closed","template":"","meta":{"_genesis_hide_title":false,"_genesis_hide_breadcrumbs":false,"_genesis_hide_singular_image":false,"_genesis_hide_footer_widgets":false,"_genesis_custom_body_class":"","_genesis_custom_post_class":"","_genesis_layout":"","footnotes":""},"class_list":{"0":"post-9576","1":"page","2":"type-page","3":"status-publish","5":"entry"},"yoast_head":"<!-- This site is optimized with the Yoast SEO plugin v27.5 - https:\/\/yoast.com\/product\/yoast-seo-wordpress\/ -->\n<title>Matthew T. Lallier - Joel H. Schwartz, P.C.<\/title>\n<meta name=\"robots\" content=\"index, follow, max-snippet:-1, max-image-preview:large, max-video-preview:-1\" \/>\n<link rel=\"canonical\" href=\"https:\/\/www.joelhschwartz.com\/es\/matthew-t-lallier-joel-h-schwartz-p-c\/\" \/>\n<meta property=\"og:locale\" content=\"es_ES\" \/>\n<meta property=\"og:type\" content=\"article\" \/>\n<meta property=\"og:title\" content=\"Matthew T. Lallier - Joel H. Schwartz, P.C.\" \/>\n<meta property=\"og:description\" content=\"Matthew T. Lallier ABOGADO ASOCIADO Direcci\u00f3n: One Washington Mall Boston, MA 02108 Tel\u00e9fono: 617-742-1170 Fax: 617-742-3237 Cargo: Abogado Asociado Con Firma: Desde 2019 Educaci\u00f3n: Union College | B.A. Ciencias Pol\u00edticas 2003 Escuela de Derecho de Massachusetts | J.D, 2008 concentraci\u00f3n en litigios \u00c1reas de Experiencia: Accidentes de automovil\u00edsticos Lesiones por resbalones y ca\u00eddas Lesiones por [&hellip;]\" \/>\n<meta property=\"og:url\" content=\"https:\/\/www.joelhschwartz.com\/es\/matthew-t-lallier-joel-h-schwartz-p-c\/\" \/>\n<meta property=\"og:site_name\" content=\"Joel H. Schwartz, P.C.\" \/>\n<meta property=\"article:publisher\" content=\"https:\/\/www.facebook.com\/Joel-H-Schwartz-PC-107140366019671\/\" \/>\n<meta property=\"article:modified_time\" content=\"2022-03-12T17:57:15+00:00\" \/>\n<meta property=\"og:image\" content=\"https:\/\/joelhschwartz.com\/wp-content\/uploads\/2021\/10\/mtl-jsil-photo-2.jpeg\" \/>\n<meta name=\"twitter:card\" content=\"summary_large_image\" \/>\n<meta name=\"twitter:site\" content=\"@joelhschwartzpc\" \/>\n<meta name=\"twitter:label1\" content=\"Tiempo de lectura\" \/>\n\t<meta name=\"twitter:data1\" content=\"2 minutos\" \/>\n<script type=\"application\/ld+json\" class=\"yoast-schema-graph\">{\"@context\":\"https:\\\/\\\/schema.org\",\"@graph\":[{\"@type\":\"WebPage\",\"@id\":\"https:\\\/\\\/www.joelhschwartz.com\\\/es\\\/matthew-t-lallier-joel-h-schwartz-p-c\\\/\",\"url\":\"https:\\\/\\\/www.joelhschwartz.com\\\/es\\\/matthew-t-lallier-joel-h-schwartz-p-c\\\/\",\"name\":\"Matthew T. Lallier - Joel H. Schwartz, P.C.\",\"isPartOf\":{\"@id\":\"https:\\\/\\\/www.joelhschwartz.com\\\/#website\"},\"primaryImageOfPage\":{\"@id\":\"https:\\\/\\\/www.joelhschwartz.com\\\/es\\\/matthew-t-lallier-joel-h-schwartz-p-c\\\/#primaryimage\"},\"image\":{\"@id\":\"https:\\\/\\\/www.joelhschwartz.com\\\/es\\\/matthew-t-lallier-joel-h-schwartz-p-c\\\/#primaryimage\"},\"thumbnailUrl\":\"https:\\\/\\\/joelhschwartz.com\\\/wp-content\\\/uploads\\\/2021\\\/10\\\/mtl-jsil-photo-2.jpeg\",\"datePublished\":\"2022-02-27T11:26:56+00:00\",\"dateModified\":\"2022-03-12T17:57:15+00:00\",\"breadcrumb\":{\"@id\":\"https:\\\/\\\/www.joelhschwartz.com\\\/es\\\/matthew-t-lallier-joel-h-schwartz-p-c\\\/#breadcrumb\"},\"inLanguage\":\"es\",\"potentialAction\":[{\"@type\":\"ReadAction\",\"target\":[\"https:\\\/\\\/www.joelhschwartz.com\\\/es\\\/matthew-t-lallier-joel-h-schwartz-p-c\\\/\"]}]},{\"@type\":\"ImageObject\",\"inLanguage\":\"es\",\"@id\":\"https:\\\/\\\/www.joelhschwartz.com\\\/es\\\/matthew-t-lallier-joel-h-schwartz-p-c\\\/#primaryimage\",\"url\":\"https:\\\/\\\/joelhschwartz.com\\\/wp-content\\\/uploads\\\/2021\\\/10\\\/mtl-jsil-photo-2.jpeg\",\"contentUrl\":\"https:\\\/\\\/joelhschwartz.com\\\/wp-content\\\/uploads\\\/2021\\\/10\\\/mtl-jsil-photo-2.jpeg\"},{\"@type\":\"BreadcrumbList\",\"@id\":\"https:\\\/\\\/www.joelhschwartz.com\\\/es\\\/matthew-t-lallier-joel-h-schwartz-p-c\\\/#breadcrumb\",\"itemListElement\":[{\"@type\":\"ListItem\",\"position\":1,\"name\":\"Home\",\"item\":\"https:\\\/\\\/www.joelhschwartz.com\\\/es\\\/\"},{\"@type\":\"ListItem\",\"position\":2,\"name\":\"Matthew T. Lallier\"}]},{\"@type\":\"WebSite\",\"@id\":\"https:\\\/\\\/www.joelhschwartz.com\\\/#website\",\"url\":\"https:\\\/\\\/www.joelhschwartz.com\\\/\",\"name\":\"Joel H. Schwartz, P.C.\",\"description\":\"\",\"potentialAction\":[{\"@type\":\"SearchAction\",\"target\":{\"@type\":\"EntryPoint\",\"urlTemplate\":\"https:\\\/\\\/www.joelhschwartz.com\\\/?s={search_term_string}\"},\"query-input\":{\"@type\":\"PropertyValueSpecification\",\"valueRequired\":true,\"valueName\":\"search_term_string\"}}],\"inLanguage\":\"es\"}]}<\/script>\n<!-- \/ Yoast SEO plugin. -->","yoast_head_json":{"title":"Matthew T. Lallier - Joel H. Schwartz, P.C.","robots":{"index":"index","follow":"follow","max-snippet":"max-snippet:-1","max-image-preview":"max-image-preview:large","max-video-preview":"max-video-preview:-1"},"canonical":"https:\/\/www.joelhschwartz.com\/es\/matthew-t-lallier-joel-h-schwartz-p-c\/","og_locale":"es_ES","og_type":"article","og_title":"Matthew T. Lallier - Joel H. Schwartz, P.C.","og_description":"Matthew T. Lallier ABOGADO ASOCIADO Direcci\u00f3n: One Washington Mall Boston, MA 02108 Tel\u00e9fono: 617-742-1170 Fax: 617-742-3237 Cargo: Abogado Asociado Con Firma: Desde 2019 Educaci\u00f3n: Union College | B.A. Ciencias Pol\u00edticas 2003 Escuela de Derecho de Massachusetts | J.D, 2008 concentraci\u00f3n en litigios \u00c1reas de Experiencia: Accidentes de automovil\u00edsticos Lesiones por resbalones y ca\u00eddas Lesiones por [&hellip;]","og_url":"https:\/\/www.joelhschwartz.com\/es\/matthew-t-lallier-joel-h-schwartz-p-c\/","og_site_name":"Joel H. Schwartz, P.C.","article_publisher":"https:\/\/www.facebook.com\/Joel-H-Schwartz-PC-107140366019671\/","article_modified_time":"2022-03-12T17:57:15+00:00","og_image":[{"url":"https:\/\/joelhschwartz.com\/wp-content\/uploads\/2021\/10\/mtl-jsil-photo-2.jpeg","type":"","width":"","height":""}],"twitter_card":"summary_large_image","twitter_site":"@joelhschwartzpc","twitter_misc":{"Tiempo de lectura":"2 minutos"},"schema":{"@context":"https:\/\/schema.org","@graph":[{"@type":"WebPage","@id":"https:\/\/www.joelhschwartz.com\/es\/matthew-t-lallier-joel-h-schwartz-p-c\/","url":"https:\/\/www.joelhschwartz.com\/es\/matthew-t-lallier-joel-h-schwartz-p-c\/","name":"Matthew T. Lallier - Joel H. Schwartz, P.C.","isPartOf":{"@id":"https:\/\/www.joelhschwartz.com\/#website"},"primaryImageOfPage":{"@id":"https:\/\/www.joelhschwartz.com\/es\/matthew-t-lallier-joel-h-schwartz-p-c\/#primaryimage"},"image":{"@id":"https:\/\/www.joelhschwartz.com\/es\/matthew-t-lallier-joel-h-schwartz-p-c\/#primaryimage"},"thumbnailUrl":"https:\/\/joelhschwartz.com\/wp-content\/uploads\/2021\/10\/mtl-jsil-photo-2.jpeg","datePublished":"2022-02-27T11:26:56+00:00","dateModified":"2022-03-12T17:57:15+00:00","breadcrumb":{"@id":"https:\/\/www.joelhschwartz.com\/es\/matthew-t-lallier-joel-h-schwartz-p-c\/#breadcrumb"},"inLanguage":"es","potentialAction":[{"@type":"ReadAction","target":["https:\/\/www.joelhschwartz.com\/es\/matthew-t-lallier-joel-h-schwartz-p-c\/"]}]},{"@type":"ImageObject","inLanguage":"es","@id":"https:\/\/www.joelhschwartz.com\/es\/matthew-t-lallier-joel-h-schwartz-p-c\/#primaryimage","url":"https:\/\/joelhschwartz.com\/wp-content\/uploads\/2021\/10\/mtl-jsil-photo-2.jpeg","contentUrl":"https:\/\/joelhschwartz.com\/wp-content\/uploads\/2021\/10\/mtl-jsil-photo-2.jpeg"},{"@type":"BreadcrumbList","@id":"https:\/\/www.joelhschwartz.com\/es\/matthew-t-lallier-joel-h-schwartz-p-c\/#breadcrumb","itemListElement":[{"@type":"ListItem","position":1,"name":"Home","item":"https:\/\/www.joelhschwartz.com\/es\/"},{"@type":"ListItem","position":2,"name":"Matthew T. Lallier"}]},{"@type":"WebSite","@id":"https:\/\/www.joelhschwartz.com\/#website","url":"https:\/\/www.joelhschwartz.com\/","name":"Joel H. Schwartz, P.C.","description":"","potentialAction":[{"@type":"SearchAction","target":{"@type":"EntryPoint","urlTemplate":"https:\/\/www.joelhschwartz.com\/?s={search_term_string}"},"query-input":{"@type":"PropertyValueSpecification","valueRequired":true,"valueName":"search_term_string"}}],"inLanguage":"es"}]}},"_links":{"self":[{"href":"https:\/\/www.joelhschwartz.com\/es\/wp-json\/wp\/v2\/pages\/9576","targetHints":{"allow":["GET"]}}],"collection":[{"href":"https:\/\/www.joelhschwartz.com\/es\/wp-json\/wp\/v2\/pages"}],"about":[{"href":"https:\/\/www.joelhschwartz.com\/es\/wp-json\/wp\/v2\/types\/page"}],"author":[{"embeddable":true,"href":"https:\/\/www.joelhschwartz.com\/es\/wp-json\/wp\/v2\/users\/1"}],"replies":[{"embeddable":true,"href":"https:\/\/www.joelhschwartz.com\/es\/wp-json\/wp\/v2\/comments?post=9576"}],"version-history":[{"count":0,"href":"https:\/\/www.joelhschwartz.com\/es\/wp-json\/wp\/v2\/pages\/9576\/revisions"}],"wp:attachment":[{"href":"https:\/\/www.joelhschwartz.com\/es\/wp-json\/wp\/v2\/media?parent=9576"}],"curies":[{"name":"wp","href":"https:\/\/api.w.org\/{rel}","templated":true}]}}