{"id":9552,"date":"2022-02-26T11:49:17","date_gmt":"2022-02-26T16:49:17","guid":{"rendered":"http:\/\/sneaky-growler.flywheelsites.com\/?page_id=9552"},"modified":"2022-03-16T22:21:15","modified_gmt":"2022-03-17T02:21:15","slug":"abogado-de-mordeduras-de-perro-en-boston-consulta-gratuita","status":"publish","type":"page","link":"https:\/\/www.joelhschwartz.com\/es\/abogado-de-mordeduras-de-perro-en-boston-consulta-gratuita\/","title":{"rendered":"Mordeduras de perro"},"content":{"rendered":"<h1>Abogado de mordeduras de perro en Boston<\/h1>\n<div class=\"Inner-Image-Right\"><iframe loading=\"lazy\" src=\"https:\/\/www.youtube.com\/embed\/OYZPi0_cu6U?rel=0\" width=\"560\" height=\"315\" frameborder=\"0\" allowfullscreen=\"allowfullscreen\"><\/iframe><\/div>\n<h2>C\u00f3mo gestionar las mordeduras de perro y otras lesiones causadas por perros<\/h2>\n<h2>A veces, el mejor amigo del hombre no es tan amistoso<\/h2>\n<p>Durante siglos, los perros han sido mascotas maravillosas y han brindado a la humanidad compa\u00f1\u00eda, servicio para los discapacitados visuales y utilidad para todos, desde los ganaderos hasta las unidades de polic\u00eda canina. Pero en ocasiones, a menudo por razones desconocidas, los perros atacan y las personas resultan heridas. Con frecuencia, estos ataques no son provocados y no son culpa del due\u00f1o del perro. Independientemente de que se enfrente o tenga la tarea de defender una demanda por mordedura de perro, nuestros abogados de mordeduras de perros en Boston pueden ayudarlo.<\/p>\n<p><strong>Existen leyes de responsabilidad estricta en Massachusetts <\/strong> contra los due\u00f1os de perros o sus cuidadores por cualquier da\u00f1o causado por un perro. La responsabilidad estricta simplemente significa que, si se cumplen ciertos criterios, el due\u00f1o del perro o su cuidador es responsable \u2013 independientemente de si fue personalmente culpable de alguna manera. Incluso aunque el due\u00f1o o el cuidador del perro no tuvieran motivos para sospechar que su perro podr\u00eda ser un peligro para los dem\u00e1s, sigue siendo responsable. Sin embargo, primero debe obtener la atenci\u00f3n m\u00e9dica que necesita. Despu\u00e9s ya puede ocuparse de los problemas de responsabilidad e indemnizaci\u00f3n.<\/p>\n<div class=\"Inner-Image-Left\"><iframe loading=\"lazy\" title=\"YouTube video player\" src=\"https:\/\/www.youtube.com\/embed\/0PLw-9_46OI\" width=\"960\" height=\"540\" frameborder=\"0\" allowfullscreen=\"allowfullscreen\"><\/iframe><\/div>\n<h2 class=\"autoTitle\">\u00bfQu\u00e9 pasa si es una lesi\u00f3n causada por algo distinto a una mordedura de perro?<\/h2>\n<p><strong>Se aplica el mismo principio de responsabilidad.<\/strong>.<\/p>\n<p>Aqu\u00ed tenemos dos ejemplos:<\/p>\n<ul>\n<li>Hemos representado a un hombre que simplemente paseaba en bicicleta por una acera. Un perro sali\u00f3 saltando de los bosques adyacentes y se cruz\u00f3 en el camino del hombre. La colisi\u00f3n resultante envi\u00f3 al hombre por los aires, provocando que sufriera una grave fractura de cadera que requiri\u00f3 cirug\u00eda. Nuestros abogados de mordeduras de perro en Boston pudieron conseguirle un acuerdo de seis cifras.<\/li>\n<li>Tambi\u00e9n hemos representado a una mujer que se cay\u00f3 y se lastim\u00f3 cuando el perro de otra persona la rode\u00f3, provocando que se enredara con la correa del perro. Tambi\u00e9n pudimos conseguirle un acuerdo por dolor y sufrimiento.<\/li>\n<\/ul>\n<p>Como puede ver, los perros pueden causar lesiones de varias formas. Existen leyes que protegen sus derechos y los abogados de mordeduras de perro en Boston como nosotros podemos ayudarlo a facilitar su atenci\u00f3n m\u00e9dica y obtener una compensaci\u00f3n por sus lesiones, dolor y sufrimiento<\/p>\n<h2 class=\"autoTitle\">\u00bfQu\u00e9 queda cubierto si ha sido v\u00edctima de una lesi\u00f3n causada por un perro?<\/h2>\n<p>En la mayor\u00eda de los casos, el seguro del hogar de la v\u00edctima cubrir\u00e1 los da\u00f1os asociados con una mordedura de perro u otra lesi\u00f3n causada por un perro, los cuales incluyen:<\/p>\n<ul class=\"normalshoebullet\">\n<li>Atenci\u00f3n m\u00e9dica<\/li>\n<li>P\u00e9rdida de salarios<\/li>\n<li>Vacuna contra la rabia<\/li>\n<li>Cicatrices<\/li>\n<li>Gastos relacionados<\/li>\n<li>Dolor y sufrimiento asociado con la lesi\u00f3n<\/li>\n<\/ul>\n<h2 class=\"autoTitle\">\u00bfQu\u00e9 clase de pruebas necesita?<\/h2>\n<p>En virtud de las leyes generales de Massachusetts (cap\u00edtulo 140, secci\u00f3n 155), <strong>la v\u00edctima de la mordedura de perro debe demostrar cuatro cosas:<\/strong><\/p>\n<ul class=\"normalshoebullet\">\n<li>El acusado es el due\u00f1o o cuidador de perro.<\/li>\n<li>La persona que result\u00f3 herida por el perro no estaba allanando una morada ni en proceso de cometer un delito.<\/li>\n<li>La v\u00edctima lesionada no estaba molestando ni atormentando al perro.<\/li>\n<li>La v\u00edctima ha resultado, de hecho, lesionada por el perro.<\/li>\n<\/ul>\n<h2 class=\"autoTitle\">Conocer sus derechos legales y a qu\u00e9<br \/>\npuede tener derecho es la mitad de la batalla<\/h2>\n<p>La otra mitad es tener el <a href=\"https:\/\/joelhschwartz.com\/why-us\/\"> equipo legal adecuado<\/a> de su lado. Hemos ayudado<br \/>\nliteralmente a cientos de v\u00edctimas de mordeduras de perros durante nuestros m\u00e1s de<br \/>\n55 a\u00f1os de experiencia como abogados de mordeduras de perros en Boston. Pero el<br \/>\nprimer paso es obtener la atenci\u00f3n m\u00e9dica necesaria; su salud y bienestar siempre son<br \/>\nlo primero. Despu\u00e9s de eso, ll\u00e1menos y cu\u00e9ntenos su historia. Le escucharemos, le<br \/>\ndaremos <strong> respuestas honestas y<\/strong> and <a href=\"https:\/\/joelhschwartz.com\/boston-personal-injury-lawyer\/\"> pondremos nuestra experiencia a trabajar por usted.<\/a>.<\/p>\n<p class=\"autoTitle\">Ll\u00e1menos hoy al 1 <a href=\"tel:18006602270\">1-800-660-2270<\/a> para realizar una consulta gratuita con nuestros<br \/>\ntalentosos y profesionales abogados especializados en mordeduras de perros en<br \/>\nBoston. Si aceptamos su caso, no le costar\u00e1 nada hasta que obtengamos una<br \/>\nindemnizaci\u00f3n o un acuerdo para usted.<\/p>\n<h2 class=\"autoTitle\">Logros de nuestros abogados en casos por<br \/>\nmordeduras de perro en Boston<\/h2>\n<p>Agente inmobiliario mordido por perro durante la exhibici\u00f3n de una propiedad \u2013<br \/>\nAcuerdo de $375,000.00<\/p>\n","protected":false},"excerpt":{"rendered":"<p>Abogado de mordeduras de perro en Boston C\u00f3mo gestionar las mordeduras de perro y otras lesiones causadas por perros A veces, el mejor amigo del hombre no es tan amistoso Durante siglos, los perros han sido mascotas maravillosas y han brindado a la humanidad compa\u00f1\u00eda, servicio para los discapacitados visuales y utilidad para todos, desde [&hellip;]<\/p>\n","protected":false},"author":1,"featured_media":0,"parent":0,"menu_order":0,"comment_status":"closed","ping_status":"closed","template":"","meta":{"_genesis_hide_title":false,"_genesis_hide_breadcrumbs":false,"_genesis_hide_singular_image":false,"_genesis_hide_footer_widgets":false,"_genesis_custom_body_class":"","_genesis_custom_post_class":"","_genesis_layout":"","footnotes":""},"class_list":{"0":"post-9552","1":"page","2":"type-page","3":"status-publish","5":"entry"},"yoast_head":"<!-- This site is optimized with the Yoast SEO plugin v27.6 - https:\/\/yoast.com\/product\/yoast-seo-wordpress\/ -->\n<title>Mordeduras de perro - Joel H. Schwartz, P.C.<\/title>\n<meta name=\"description\" content=\"Un perro agresivo significa un due\u00f1o irresponsable. Averig\u00fce si tiene motivos para un caso y cu\u00e1nto podr\u00eda valer.\" \/>\n<meta name=\"robots\" content=\"index, follow, max-snippet:-1, max-image-preview:large, max-video-preview:-1\" \/>\n<link rel=\"canonical\" href=\"https:\/\/www.joelhschwartz.com\/es\/abogado-de-mordeduras-de-perro-en-boston-consulta-gratuita\/\" \/>\n<meta property=\"og:locale\" content=\"es_ES\" \/>\n<meta property=\"og:type\" content=\"article\" \/>\n<meta property=\"og:title\" content=\"Mordeduras de perro - Joel H. Schwartz, P.C.\" \/>\n<meta property=\"og:description\" content=\"Un perro agresivo significa un due\u00f1o irresponsable. Averig\u00fce si tiene motivos para un caso y cu\u00e1nto podr\u00eda valer.\" \/>\n<meta property=\"og:url\" content=\"https:\/\/www.joelhschwartz.com\/es\/abogado-de-mordeduras-de-perro-en-boston-consulta-gratuita\/\" \/>\n<meta property=\"og:site_name\" content=\"Joel H. Schwartz, P.C.\" \/>\n<meta property=\"article:publisher\" content=\"https:\/\/www.facebook.com\/Joel-H-Schwartz-PC-107140366019671\/\" \/>\n<meta property=\"article:modified_time\" content=\"2022-03-17T02:21:15+00:00\" \/>\n<meta name=\"twitter:card\" content=\"summary_large_image\" \/>\n<meta name=\"twitter:site\" content=\"@joelhschwartzpc\" \/>\n<meta name=\"twitter:label1\" content=\"Tiempo de lectura\" \/>\n\t<meta name=\"twitter:data1\" content=\"4 minutos\" \/>\n<script type=\"application\/ld+json\" class=\"yoast-schema-graph\">{\"@context\":\"https:\\\/\\\/schema.org\",\"@graph\":[{\"@type\":\"WebPage\",\"@id\":\"https:\\\/\\\/www.joelhschwartz.com\\\/es\\\/abogado-de-mordeduras-de-perro-en-boston-consulta-gratuita\\\/\",\"url\":\"https:\\\/\\\/www.joelhschwartz.com\\\/es\\\/abogado-de-mordeduras-de-perro-en-boston-consulta-gratuita\\\/\",\"name\":\"Mordeduras de perro - Joel H. Schwartz, P.C.\",\"isPartOf\":{\"@id\":\"https:\\\/\\\/www.joelhschwartz.com\\\/#website\"},\"datePublished\":\"2022-02-26T16:49:17+00:00\",\"dateModified\":\"2022-03-17T02:21:15+00:00\",\"description\":\"Un perro agresivo significa un due\u00f1o irresponsable. Averig\u00fce si tiene motivos para un caso y cu\u00e1nto podr\u00eda valer.\",\"breadcrumb\":{\"@id\":\"https:\\\/\\\/www.joelhschwartz.com\\\/es\\\/abogado-de-mordeduras-de-perro-en-boston-consulta-gratuita\\\/#breadcrumb\"},\"inLanguage\":\"es\",\"potentialAction\":[{\"@type\":\"ReadAction\",\"target\":[\"https:\\\/\\\/www.joelhschwartz.com\\\/es\\\/abogado-de-mordeduras-de-perro-en-boston-consulta-gratuita\\\/\"]}]},{\"@type\":\"BreadcrumbList\",\"@id\":\"https:\\\/\\\/www.joelhschwartz.com\\\/es\\\/abogado-de-mordeduras-de-perro-en-boston-consulta-gratuita\\\/#breadcrumb\",\"itemListElement\":[{\"@type\":\"ListItem\",\"position\":1,\"name\":\"Home\",\"item\":\"https:\\\/\\\/www.joelhschwartz.com\\\/es\\\/\"},{\"@type\":\"ListItem\",\"position\":2,\"name\":\"Mordeduras de perro\"}]},{\"@type\":\"WebSite\",\"@id\":\"https:\\\/\\\/www.joelhschwartz.com\\\/#website\",\"url\":\"https:\\\/\\\/www.joelhschwartz.com\\\/\",\"name\":\"Joel H. Schwartz, P.C.\",\"description\":\"\",\"potentialAction\":[{\"@type\":\"SearchAction\",\"target\":{\"@type\":\"EntryPoint\",\"urlTemplate\":\"https:\\\/\\\/www.joelhschwartz.com\\\/?s={search_term_string}\"},\"query-input\":{\"@type\":\"PropertyValueSpecification\",\"valueRequired\":true,\"valueName\":\"search_term_string\"}}],\"inLanguage\":\"es\"}]}<\/script>\n<!-- \/ Yoast SEO plugin. -->","yoast_head_json":{"title":"Mordeduras de perro - Joel H. Schwartz, P.C.","description":"Un perro agresivo significa un due\u00f1o irresponsable. Averig\u00fce si tiene motivos para un caso y cu\u00e1nto podr\u00eda valer.","robots":{"index":"index","follow":"follow","max-snippet":"max-snippet:-1","max-image-preview":"max-image-preview:large","max-video-preview":"max-video-preview:-1"},"canonical":"https:\/\/www.joelhschwartz.com\/es\/abogado-de-mordeduras-de-perro-en-boston-consulta-gratuita\/","og_locale":"es_ES","og_type":"article","og_title":"Mordeduras de perro - Joel H. Schwartz, P.C.","og_description":"Un perro agresivo significa un due\u00f1o irresponsable. Averig\u00fce si tiene motivos para un caso y cu\u00e1nto podr\u00eda valer.","og_url":"https:\/\/www.joelhschwartz.com\/es\/abogado-de-mordeduras-de-perro-en-boston-consulta-gratuita\/","og_site_name":"Joel H. Schwartz, P.C.","article_publisher":"https:\/\/www.facebook.com\/Joel-H-Schwartz-PC-107140366019671\/","article_modified_time":"2022-03-17T02:21:15+00:00","twitter_card":"summary_large_image","twitter_site":"@joelhschwartzpc","twitter_misc":{"Tiempo de lectura":"4 minutos"},"schema":{"@context":"https:\/\/schema.org","@graph":[{"@type":"WebPage","@id":"https:\/\/www.joelhschwartz.com\/es\/abogado-de-mordeduras-de-perro-en-boston-consulta-gratuita\/","url":"https:\/\/www.joelhschwartz.com\/es\/abogado-de-mordeduras-de-perro-en-boston-consulta-gratuita\/","name":"Mordeduras de perro - Joel H. Schwartz, P.C.","isPartOf":{"@id":"https:\/\/www.joelhschwartz.com\/#website"},"datePublished":"2022-02-26T16:49:17+00:00","dateModified":"2022-03-17T02:21:15+00:00","description":"Un perro agresivo significa un due\u00f1o irresponsable. Averig\u00fce si tiene motivos para un caso y cu\u00e1nto podr\u00eda valer.","breadcrumb":{"@id":"https:\/\/www.joelhschwartz.com\/es\/abogado-de-mordeduras-de-perro-en-boston-consulta-gratuita\/#breadcrumb"},"inLanguage":"es","potentialAction":[{"@type":"ReadAction","target":["https:\/\/www.joelhschwartz.com\/es\/abogado-de-mordeduras-de-perro-en-boston-consulta-gratuita\/"]}]},{"@type":"BreadcrumbList","@id":"https:\/\/www.joelhschwartz.com\/es\/abogado-de-mordeduras-de-perro-en-boston-consulta-gratuita\/#breadcrumb","itemListElement":[{"@type":"ListItem","position":1,"name":"Home","item":"https:\/\/www.joelhschwartz.com\/es\/"},{"@type":"ListItem","position":2,"name":"Mordeduras de perro"}]},{"@type":"WebSite","@id":"https:\/\/www.joelhschwartz.com\/#website","url":"https:\/\/www.joelhschwartz.com\/","name":"Joel H. Schwartz, P.C.","description":"","potentialAction":[{"@type":"SearchAction","target":{"@type":"EntryPoint","urlTemplate":"https:\/\/www.joelhschwartz.com\/?s={search_term_string}"},"query-input":{"@type":"PropertyValueSpecification","valueRequired":true,"valueName":"search_term_string"}}],"inLanguage":"es"}]}},"_links":{"self":[{"href":"https:\/\/www.joelhschwartz.com\/es\/wp-json\/wp\/v2\/pages\/9552","targetHints":{"allow":["GET"]}}],"collection":[{"href":"https:\/\/www.joelhschwartz.com\/es\/wp-json\/wp\/v2\/pages"}],"about":[{"href":"https:\/\/www.joelhschwartz.com\/es\/wp-json\/wp\/v2\/types\/page"}],"author":[{"embeddable":true,"href":"https:\/\/www.joelhschwartz.com\/es\/wp-json\/wp\/v2\/users\/1"}],"replies":[{"embeddable":true,"href":"https:\/\/www.joelhschwartz.com\/es\/wp-json\/wp\/v2\/comments?post=9552"}],"version-history":[{"count":0,"href":"https:\/\/www.joelhschwartz.com\/es\/wp-json\/wp\/v2\/pages\/9552\/revisions"}],"wp:attachment":[{"href":"https:\/\/www.joelhschwartz.com\/es\/wp-json\/wp\/v2\/media?parent=9552"}],"curies":[{"name":"wp","href":"https:\/\/api.w.org\/{rel}","templated":true}]}}